{"id":1007,"date":"2021-10-27T00:34:25","date_gmt":"2021-10-26T22:34:25","guid":{"rendered":"https:\/\/www.inter-edu.pl\/?page_id=1007"},"modified":"2021-11-02T14:21:39","modified_gmt":"2021-11-02T13:21:39","slug":"szkolenie-wstepne-bhp-pracownikow-administracyjno-biurowych","status":"publish","type":"page","link":"https:\/\/www.inter-edu.pl\/?page_id=1007","title":{"rendered":"Szkolenie wst\u0119pne bhp pracownik\u00f3w administracyjno-biurowych"},"content":{"rendered":"\n<p>Szkolenie wst\u0119pne BHP online dla pracownik\u00f3w administracyjno-biurowych<\/p>\n\n\n\n<p>Pracownicy administracyjno-biurowi w trakcie rozpoczynania pracy w danym zak\u0142adzie, powinni odby\u0107 wst\u0119pne szkolenie bhp. Tematyka naszego kursu porusza specyfik\u0119 pracy przy obs\u0142udze monitor\u00f3w ekranowych oraz pozwala pozna\u0107 podstawowe zasady ergonomii i prawid\u0142owo oceni\u0107 zagro\u017cenia wyst\u0119puj\u0105ce w pracy biurowej, podczas obs\u0142ugi urz\u0105dze\u0144 biurowych oraz zapozna\u0107 si\u0119 zasadami poruszania po zak\u0142adzie pracy.<\/p>\n\n\n\n<p>Celem szkolenia jest zaznajomienie pracownika z:<\/p>\n\n\n\n<p>a)&nbsp; podstawowymi przepisami bezpiecze\u0144stwa i higieny pracy zawartymi w Kodeksie pracy i w regulaminach pracy,<br>b)&nbsp; przepisami i zasadami bezpiecze\u0144stwa i higieny pracy obowi\u0105zuj\u0105cymi w&nbsp; zak\u0142adzie pracy,<br>c)&nbsp; podstawowymi przepisami ochrony p-po\u017c<br>d) zasadami udzielania pomocy przedlekarskiej,<br>e)&nbsp; z zak\u0142adem pracy.<\/p>\n\n\n\n<p>Szkolenie wst\u0119pne bhp &#8211; instrukta\u017c og\u00f3lny wa\u017cny jest do 12 miesi\u0119cy, natomiast dla os\u00f3b kieruj\u0105cych pracownikami do 6 miesi\u0119cy od zatrudnienia.<br>Szkolenie wst\u0119pne bhp, w tym instrukta\u017c og\u00f3lny mo\u017ce przeprowadzi\u0107 r\u00f3wnie\u017c sam pracodawca, kt\u00f3ry uko\u0144czy\u0142&nbsp;szkolenie dla pracodawc\u00f3w samodzielnie wykonuj\u0105cych zadania s\u0142u\u017cby bhp.<\/p>\n\n\n\n<p>Instrukta\u017c stanowiskowy mo\u017ce przeprowadzi\u0107 sam pracodawca lub inna osoba kieruj\u0105ca pracownikami, maj\u0105ca aktualne&nbsp;szkolenie okresowe dla pracodawc\u00f3w i innych os\u00f3b kieruj\u0105cych pracownikami.<\/p>\n\n\n\n<h2 class=\"wp-block-heading\">Program szkolenia dla Pracownik\u00f3w rozpoczynaj\u0105cych prac\u0119 w administracji &#8211; szkolenie wst\u0119pne<\/h2>\n\n\n\n<p>1.&nbsp; Istota&nbsp; bezpiecze\u0144stwa&nbsp; i&nbsp; higieny&nbsp; pracy.<\/p>\n\n\n\n<p>2. Zakres&nbsp; obowi\u0105zk\u00f3w&nbsp; i&nbsp; uprawnie\u0144&nbsp; pracodawcy,&nbsp; pracownik\u00f3w&nbsp; oraz&nbsp; poszczeg\u00f3lnych&nbsp; kom\u00f3rek&nbsp; organizacyjnych&nbsp; zak\u0142adu&nbsp; pracy&nbsp; i&nbsp; organizacji&nbsp; spo\u0142ecznych&nbsp; w&nbsp; zakresie&nbsp; bezpiecze\u0144stwa&nbsp; i&nbsp; higieny&nbsp; pracy.<\/p>\n\n\n\n<p>3. Odpowiedzialno\u015b\u0107 za naruszenie przepis\u00f3w&nbsp; lub&nbsp; zasad&nbsp; bezpiecze\u0144stwa&nbsp; i&nbsp; higieny&nbsp; pracy.<\/p>\n\n\n\n<p>4. Zasady&nbsp; poruszania&nbsp; si\u0119&nbsp; na&nbsp; terenie&nbsp; zak\u0142adu&nbsp; pracy.<\/p>\n\n\n\n<p>5. Zagro\u017cenia&nbsp; wypadkowe&nbsp; i&nbsp; zagro\u017cenia&nbsp; dla&nbsp; zdrowia&nbsp; wyst\u0119puj\u0105ce&nbsp; w&nbsp; zak\u0142adzie i podstawowe&nbsp; \u015brodki&nbsp; zapobiegawcze.<\/p>\n\n\n\n<p>6. Podstawowe&nbsp; zasady&nbsp; bezpiecze\u0144stwa&nbsp; i&nbsp; higieny&nbsp; pracy&nbsp; zwi\u0105zane&nbsp; z&nbsp; obs\u0142ug\u0105&nbsp; urz\u0105dze\u0144&nbsp; technicznych&nbsp; oraz&nbsp; transportem&nbsp; wewn\u0105trzzak\u0142adowym.<\/p>\n\n\n\n<p>7. Zasady&nbsp; przydzia\u0142u&nbsp; odzie\u017cy&nbsp; roboczej i obuwia&nbsp; roboczego&nbsp; oraz&nbsp; \u015brodk\u00f3w&nbsp; ochrony&nbsp; indywidualnej,&nbsp; w&nbsp; tym&nbsp; w&nbsp; odniesieniu&nbsp; do&nbsp; stanowiska&nbsp; pracy&nbsp; instruowanego<\/p>\n\n\n\n<p>8. Porz\u0105dek&nbsp; i&nbsp; czysto\u015b\u0107&nbsp; w&nbsp; miejscu&nbsp; pracy&nbsp; oraz&nbsp; higiena&nbsp; osobista&nbsp; pracownika \u2013 ich&nbsp; wp\u0142yw&nbsp; na&nbsp; zdrowie&nbsp; i&nbsp; bezpiecze\u0144stwo&nbsp; pracownika.<\/p>\n\n\n\n<p>9. Profilaktyczna&nbsp; opieka&nbsp; lekarska \u2013 zasady&nbsp; jej&nbsp; sprawowania&nbsp; w&nbsp; odniesieniu&nbsp; do&nbsp; stanowiska&nbsp; instruowanego.<\/p>\n\n\n\n<p>10. Podstawowe&nbsp; zasady&nbsp; ochrony&nbsp; przeciwpo\u017carowej&nbsp; oraz&nbsp; post\u0119powanie&nbsp; w&nbsp; razie&nbsp; po\u017caru.<\/p>\n\n\n\n<p>11. Post\u0119powanie w razie wypadku, w tym organizacja i zasady udzielania pierwszej pomocy<\/p>\n\n\n\n<h2 class=\"wp-block-heading\">Podstawa prawna<\/h2>\n\n\n\n<p>Ustawa z dnia 16 kwietnia 2020 r. Rozporz\u0105dzenie MGiP z dnia 27.07.2004r.w sprawie szkolenia w dziedzinie bhp. Ustawa Kodeks pracy. Stanowisko GIP z dnia 20.04..2020 r.<\/p>\n","protected":false},"excerpt":{"rendered":"<p>Szkolenie wst\u0119pne BHP online dla pracownik\u00f3w administracyjno-biurowych Pracownicy administracyjno-biurowi w trakcie rozpoczynania pracy w danym zak\u0142adzie, powinni odby\u0107 wst\u0119pne szkolenie bhp. Tematyka naszego kursu porusza [&hellip;]<\/p>\n","protected":false},"author":1,"featured_media":232,"parent":1052,"menu_order":1,"comment_status":"closed","ping_status":"closed","template":"","meta":{"_EventAllDay":false,"_EventTimezone":"","_EventStartDate":"","_EventEndDate":"","_EventStartDateUTC":"","_EventEndDateUTC":"","_EventShowMap":false,"_EventShowMapLink":false,"_EventURL":"","_EventCost":"","_EventCostDescription":"","_EventCurrencySymbol":"","_EventCurrencyCode":"","_EventCurrencyPosition":"","_EventDateTimeSeparator":"","_EventTimeRangeSeparator":"","_EventOrganizerID":[],"_EventVenueID":[],"_OrganizerEmail":"","_OrganizerPhone":"","_OrganizerWebsite":"","_VenueAddress":"","_VenueCity":"","_VenueCountry":"","_VenueProvince":"","_VenueState":"","_VenueZip":"","_VenuePhone":"","_VenueURL":"","_VenueStateProvince":"","_VenueLat":"","_VenueLng":"","_VenueShowMap":false,"_VenueShowMapLink":false,"footnotes":""},"class_list":["post-1007","page","type-page","status-publish","has-post-thumbnail","hentry"],"yoast_head":"<!-- This site is optimized with the Yoast SEO plugin v25.9 - https:\/\/yoast.com\/wordpress\/plugins\/seo\/ -->\n<title>Szkolenie wst\u0119pne bhp pracownik\u00f3w administracyjno-biurowych - Interaktywne Centrum Edukacji i Us\u0142ug Inter-EDU<\/title>\n<meta name=\"robots\" content=\"index, follow, max-snippet:-1, max-image-preview:large, max-video-preview:-1\" \/>\n<link rel=\"canonical\" href=\"https:\/\/www.inter-edu.pl\/?page_id=1007\" \/>\n<meta property=\"og:locale\" content=\"pl_PL\" \/>\n<meta property=\"og:type\" content=\"article\" \/>\n<meta property=\"og:title\" content=\"Szkolenie wst\u0119pne bhp pracownik\u00f3w administracyjno-biurowych - Interaktywne Centrum Edukacji i Us\u0142ug Inter-EDU\" \/>\n<meta property=\"og:description\" content=\"Szkolenie wst\u0119pne BHP online dla pracownik\u00f3w administracyjno-biurowych Pracownicy administracyjno-biurowi w trakcie rozpoczynania pracy w danym zak\u0142adzie, powinni odby\u0107 wst\u0119pne szkolenie bhp. Tematyka naszego kursu porusza [&hellip;]\" \/>\n<meta property=\"og:url\" content=\"https:\/\/www.inter-edu.pl\/?page_id=1007\" \/>\n<meta property=\"og:site_name\" content=\"Interaktywne Centrum Edukacji i Us\u0142ug Inter-EDU\" \/>\n<meta property=\"article:publisher\" content=\"https:\/\/www.facebook.com\/Interaktywna.Edukacja\" \/>\n<meta property=\"article:modified_time\" content=\"2021-11-02T13:21:39+00:00\" \/>\n<meta property=\"og:image\" content=\"https:\/\/www.inter-edu.pl\/wp-content\/uploads\/2021\/07\/mini-logo.png\" \/>\n\t<meta property=\"og:image:width\" content=\"79\" \/>\n\t<meta property=\"og:image:height\" content=\"96\" \/>\n\t<meta property=\"og:image:type\" content=\"image\/png\" \/>\n<meta name=\"twitter:card\" content=\"summary_large_image\" \/>\n<meta name=\"twitter:label1\" content=\"Szacowany czas czytania\" \/>\n\t<meta name=\"twitter:data1\" content=\"3 minuty\" \/>\n<script type=\"application\/ld+json\" class=\"yoast-schema-graph\">{\"@context\":\"https:\/\/schema.org\",\"@graph\":[{\"@type\":\"WebPage\",\"@id\":\"https:\/\/www.inter-edu.pl\/?page_id=1007\",\"url\":\"https:\/\/www.inter-edu.pl\/?page_id=1007\",\"name\":\"Szkolenie wst\u0119pne bhp pracownik\u00f3w administracyjno-biurowych - Interaktywne Centrum Edukacji i Us\u0142ug Inter-EDU\",\"isPartOf\":{\"@id\":\"https:\/\/www.inter-edu.pl\/#website\"},\"primaryImageOfPage\":{\"@id\":\"https:\/\/www.inter-edu.pl\/?page_id=1007#primaryimage\"},\"image\":{\"@id\":\"https:\/\/www.inter-edu.pl\/?page_id=1007#primaryimage\"},\"thumbnailUrl\":\"https:\/\/www.inter-edu.pl\/wp-content\/uploads\/2021\/07\/mini-logo.png\",\"datePublished\":\"2021-10-26T22:34:25+00:00\",\"dateModified\":\"2021-11-02T13:21:39+00:00\",\"breadcrumb\":{\"@id\":\"https:\/\/www.inter-edu.pl\/?page_id=1007#breadcrumb\"},\"inLanguage\":\"pl-PL\",\"potentialAction\":[{\"@type\":\"ReadAction\",\"target\":[\"https:\/\/www.inter-edu.pl\/?page_id=1007\"]}]},{\"@type\":\"ImageObject\",\"inLanguage\":\"pl-PL\",\"@id\":\"https:\/\/www.inter-edu.pl\/?page_id=1007#primaryimage\",\"url\":\"https:\/\/www.inter-edu.pl\/wp-content\/uploads\/2021\/07\/mini-logo.png\",\"contentUrl\":\"https:\/\/www.inter-edu.pl\/wp-content\/uploads\/2021\/07\/mini-logo.png\",\"width\":79,\"height\":96},{\"@type\":\"BreadcrumbList\",\"@id\":\"https:\/\/www.inter-edu.pl\/?page_id=1007#breadcrumb\",\"itemListElement\":[{\"@type\":\"ListItem\",\"position\":1,\"name\":\"Strona g\u0142\u00f3wna\",\"item\":\"https:\/\/www.inter-edu.pl\/\"},{\"@type\":\"ListItem\",\"position\":2,\"name\":\"Szkolenia\",\"item\":\"https:\/\/www.inter-edu.pl\/?page_id=213\"},{\"@type\":\"ListItem\",\"position\":3,\"name\":\"Szkolenia BHP\",\"item\":\"https:\/\/www.inter-edu.pl\/?page_id=1002\"},{\"@type\":\"ListItem\",\"position\":4,\"name\":\"Szkolenia wst\u0119pne z BHP\",\"item\":\"https:\/\/www.inter-edu.pl\/?page_id=1052\"},{\"@type\":\"ListItem\",\"position\":5,\"name\":\"Szkolenie wst\u0119pne bhp pracownik\u00f3w administracyjno-biurowych\"}]},{\"@type\":\"WebSite\",\"@id\":\"https:\/\/www.inter-edu.pl\/#website\",\"url\":\"https:\/\/www.inter-edu.pl\/\",\"name\":\"Interaktywne Centrum Edukacji i Us\u0142ug Inter-EDU\",\"description\":\"\",\"publisher\":{\"@id\":\"https:\/\/www.inter-edu.pl\/#organization\"},\"potentialAction\":[{\"@type\":\"SearchAction\",\"target\":{\"@type\":\"EntryPoint\",\"urlTemplate\":\"https:\/\/www.inter-edu.pl\/?s={search_term_string}\"},\"query-input\":{\"@type\":\"PropertyValueSpecification\",\"valueRequired\":true,\"valueName\":\"search_term_string\"}}],\"inLanguage\":\"pl-PL\"},{\"@type\":\"Organization\",\"@id\":\"https:\/\/www.inter-edu.pl\/#organization\",\"name\":\"Interaktywne Centrum Edukacji i Us\u0142ug Inter-EDU\",\"url\":\"https:\/\/www.inter-edu.pl\/\",\"logo\":{\"@type\":\"ImageObject\",\"inLanguage\":\"pl-PL\",\"@id\":\"https:\/\/www.inter-edu.pl\/#\/schema\/logo\/image\/\",\"url\":\"https:\/\/www.inter-edu.pl\/wp-content\/uploads\/2021\/07\/cropped-mini-logo-1.png\",\"contentUrl\":\"https:\/\/www.inter-edu.pl\/wp-content\/uploads\/2021\/07\/cropped-mini-logo-1.png\",\"width\":68,\"height\":86,\"caption\":\"Interaktywne Centrum Edukacji i Us\u0142ug Inter-EDU\"},\"image\":{\"@id\":\"https:\/\/www.inter-edu.pl\/#\/schema\/logo\/image\/\"},\"sameAs\":[\"https:\/\/www.facebook.com\/Interaktywna.Edukacja\"]}]}<\/script>\n<!-- \/ Yoast SEO plugin. -->","yoast_head_json":{"title":"Szkolenie wst\u0119pne bhp pracownik\u00f3w administracyjno-biurowych - Interaktywne Centrum Edukacji i Us\u0142ug Inter-EDU","robots":{"index":"index","follow":"follow","max-snippet":"max-snippet:-1","max-image-preview":"max-image-preview:large","max-video-preview":"max-video-preview:-1"},"canonical":"https:\/\/www.inter-edu.pl\/?page_id=1007","og_locale":"pl_PL","og_type":"article","og_title":"Szkolenie wst\u0119pne bhp pracownik\u00f3w administracyjno-biurowych - Interaktywne Centrum Edukacji i Us\u0142ug Inter-EDU","og_description":"Szkolenie wst\u0119pne BHP online dla pracownik\u00f3w administracyjno-biurowych Pracownicy administracyjno-biurowi w trakcie rozpoczynania pracy w danym zak\u0142adzie, powinni odby\u0107 wst\u0119pne szkolenie bhp. Tematyka naszego kursu porusza [&hellip;]","og_url":"https:\/\/www.inter-edu.pl\/?page_id=1007","og_site_name":"Interaktywne Centrum Edukacji i Us\u0142ug Inter-EDU","article_publisher":"https:\/\/www.facebook.com\/Interaktywna.Edukacja","article_modified_time":"2021-11-02T13:21:39+00:00","og_image":[{"width":79,"height":96,"url":"https:\/\/www.inter-edu.pl\/wp-content\/uploads\/2021\/07\/mini-logo.png","type":"image\/png"}],"twitter_card":"summary_large_image","twitter_misc":{"Szacowany czas czytania":"3 minuty"},"schema":{"@context":"https:\/\/schema.org","@graph":[{"@type":"WebPage","@id":"https:\/\/www.inter-edu.pl\/?page_id=1007","url":"https:\/\/www.inter-edu.pl\/?page_id=1007","name":"Szkolenie wst\u0119pne bhp pracownik\u00f3w administracyjno-biurowych - Interaktywne Centrum Edukacji i Us\u0142ug Inter-EDU","isPartOf":{"@id":"https:\/\/www.inter-edu.pl\/#website"},"primaryImageOfPage":{"@id":"https:\/\/www.inter-edu.pl\/?page_id=1007#primaryimage"},"image":{"@id":"https:\/\/www.inter-edu.pl\/?page_id=1007#primaryimage"},"thumbnailUrl":"https:\/\/www.inter-edu.pl\/wp-content\/uploads\/2021\/07\/mini-logo.png","datePublished":"2021-10-26T22:34:25+00:00","dateModified":"2021-11-02T13:21:39+00:00","breadcrumb":{"@id":"https:\/\/www.inter-edu.pl\/?page_id=1007#breadcrumb"},"inLanguage":"pl-PL","potentialAction":[{"@type":"ReadAction","target":["https:\/\/www.inter-edu.pl\/?page_id=1007"]}]},{"@type":"ImageObject","inLanguage":"pl-PL","@id":"https:\/\/www.inter-edu.pl\/?page_id=1007#primaryimage","url":"https:\/\/www.inter-edu.pl\/wp-content\/uploads\/2021\/07\/mini-logo.png","contentUrl":"https:\/\/www.inter-edu.pl\/wp-content\/uploads\/2021\/07\/mini-logo.png","width":79,"height":96},{"@type":"BreadcrumbList","@id":"https:\/\/www.inter-edu.pl\/?page_id=1007#breadcrumb","itemListElement":[{"@type":"ListItem","position":1,"name":"Strona g\u0142\u00f3wna","item":"https:\/\/www.inter-edu.pl\/"},{"@type":"ListItem","position":2,"name":"Szkolenia","item":"https:\/\/www.inter-edu.pl\/?page_id=213"},{"@type":"ListItem","position":3,"name":"Szkolenia BHP","item":"https:\/\/www.inter-edu.pl\/?page_id=1002"},{"@type":"ListItem","position":4,"name":"Szkolenia wst\u0119pne z BHP","item":"https:\/\/www.inter-edu.pl\/?page_id=1052"},{"@type":"ListItem","position":5,"name":"Szkolenie wst\u0119pne bhp pracownik\u00f3w administracyjno-biurowych"}]},{"@type":"WebSite","@id":"https:\/\/www.inter-edu.pl\/#website","url":"https:\/\/www.inter-edu.pl\/","name":"Interaktywne Centrum Edukacji i Us\u0142ug Inter-EDU","description":"","publisher":{"@id":"https:\/\/www.inter-edu.pl\/#organization"},"potentialAction":[{"@type":"SearchAction","target":{"@type":"EntryPoint","urlTemplate":"https:\/\/www.inter-edu.pl\/?s={search_term_string}"},"query-input":{"@type":"PropertyValueSpecification","valueRequired":true,"valueName":"search_term_string"}}],"inLanguage":"pl-PL"},{"@type":"Organization","@id":"https:\/\/www.inter-edu.pl\/#organization","name":"Interaktywne Centrum Edukacji i Us\u0142ug Inter-EDU","url":"https:\/\/www.inter-edu.pl\/","logo":{"@type":"ImageObject","inLanguage":"pl-PL","@id":"https:\/\/www.inter-edu.pl\/#\/schema\/logo\/image\/","url":"https:\/\/www.inter-edu.pl\/wp-content\/uploads\/2021\/07\/cropped-mini-logo-1.png","contentUrl":"https:\/\/www.inter-edu.pl\/wp-content\/uploads\/2021\/07\/cropped-mini-logo-1.png","width":68,"height":86,"caption":"Interaktywne Centrum Edukacji i Us\u0142ug Inter-EDU"},"image":{"@id":"https:\/\/www.inter-edu.pl\/#\/schema\/logo\/image\/"},"sameAs":["https:\/\/www.facebook.com\/Interaktywna.Edukacja"]}]}},"_links":{"self":[{"href":"https:\/\/www.inter-edu.pl\/index.php?rest_route=\/wp\/v2\/pages\/1007","targetHints":{"allow":["GET"]}}],"collection":[{"href":"https:\/\/www.inter-edu.pl\/index.php?rest_route=\/wp\/v2\/pages"}],"about":[{"href":"https:\/\/www.inter-edu.pl\/index.php?rest_route=\/wp\/v2\/types\/page"}],"author":[{"embeddable":true,"href":"https:\/\/www.inter-edu.pl\/index.php?rest_route=\/wp\/v2\/users\/1"}],"replies":[{"embeddable":true,"href":"https:\/\/www.inter-edu.pl\/index.php?rest_route=%2Fwp%2Fv2%2Fcomments&post=1007"}],"version-history":[{"count":3,"href":"https:\/\/www.inter-edu.pl\/index.php?rest_route=\/wp\/v2\/pages\/1007\/revisions"}],"predecessor-version":[{"id":1010,"href":"https:\/\/www.inter-edu.pl\/index.php?rest_route=\/wp\/v2\/pages\/1007\/revisions\/1010"}],"up":[{"embeddable":true,"href":"https:\/\/www.inter-edu.pl\/index.php?rest_route=\/wp\/v2\/pages\/1052"}],"wp:featuredmedia":[{"embeddable":true,"href":"https:\/\/www.inter-edu.pl\/index.php?rest_route=\/wp\/v2\/media\/232"}],"wp:attachment":[{"href":"https:\/\/www.inter-edu.pl\/index.php?rest_route=%2Fwp%2Fv2%2Fmedia&parent=1007"}],"curies":[{"name":"wp","href":"https:\/\/api.w.org\/{rel}","templated":true}]}}