{"id":449,"date":"2021-07-30T11:07:51","date_gmt":"2021-07-30T09:07:51","guid":{"rendered":"http:\/\/www.inter-edu.pl\/?page_id=449"},"modified":"2025-11-19T10:13:49","modified_gmt":"2025-11-19T09:13:49","slug":"matura-kursy-przygotowawcze","status":"publish","type":"page","link":"https:\/\/www.inter-edu.pl\/?page_id=449","title":{"rendered":"Matura &#8211; kursy przygotowawcze"},"content":{"rendered":"\t\t<div data-elementor-type=\"wp-page\" data-elementor-id=\"449\" class=\"elementor elementor-449\" data-elementor-post-type=\"page\">\n\t\t\t\t\t\t<section class=\"elementor-section elementor-top-section elementor-element elementor-element-2a30a241 elementor-section-boxed elementor-section-height-default elementor-section-height-default elementor-section-smoke-no elementor-section-raindrops-no elementor-section-parallax-no elementor-section-floatimg-no\" data-id=\"2a30a241\" data-element_type=\"section\" data-e-type=\"section\">\n\t\t\t\t\t\t<div class=\"elementor-container elementor-column-gap-default\">\n\t\t\t\t\t<div class=\"elementor-column elementor-col-100 elementor-top-column elementor-element elementor-element-1bc7c2b7\" data-id=\"1bc7c2b7\" data-element_type=\"column\" data-e-type=\"column\">\n\t\t\t<div class=\"elementor-widget-wrap elementor-element-populated\">\n\t\t\t\t\t\t<div class=\"elementor-element elementor-element-7da5c308 elementor-widget elementor-widget-text-editor\" data-id=\"7da5c308\" data-element_type=\"widget\" data-e-type=\"widget\" data-widget_type=\"text-editor.default\">\n\t\t\t\t<div class=\"elementor-widget-container\">\n\t\t\t\t\t\t\t\t\t\n<p class=\"has-drop-cap has-vivid-red-color has-light-green-cyan-background-color has-text-color has-background has-medium-font-size\"><strong>Matura &#8211; kursy przygotowawcze z: matematyka, fizyka, biologia, chemia, informatyka, j\u0119zyk polski\u00a0, j\u0119zyk angielski<\/strong><\/p>\n\n<div class=\"wp-block-buttons is-layout-flex wp-block-buttons-is-layout-flex\">\n<div class=\"wp-block-button has-custom-font-size is-style-fill has-normal-font-size\"><a class=\"wp-block-button__link has-vivid-red-color has-light-green-cyan-background-color has-text-color has-background wp-element-button\" href=\"https:\/\/www.inter-edu.pl\/?page_id=2098\">Formularz zg\u0142oszeniowy<\/a><\/div>\n\n<div class=\"wp-block-button has-custom-font-size is-style-outline has-small-font-size is-style-outline--3\"><a class=\"wp-block-button__link has-vivid-red-color has-text-color wp-element-button\">Pe\u0142ny opis kursu<\/a><\/div>\n\n<div class=\"wp-block-button has-custom-font-size is-style-outline has-small-font-size is-style-outline--4\"><a class=\"wp-block-button__link has-vivid-red-color has-luminous-vivid-amber-background-color has-text-color has-background wp-element-button\" href=\"https:\/\/www.inter-edu.pl\/?page_id=777\">Trenerzy<\/a><\/div>\n\n<div class=\"wp-block-button has-custom-font-size is-style-fill has-small-font-size\"><a class=\"wp-block-button__link has-vivid-red-color has-vivid-green-cyan-background-color has-text-color has-background wp-element-button\" href=\"http:\/\/www.inter-edu.pl\/?page_id=74\">Zadaj pytanie<\/a><\/div>\n<\/div>\n\n<div class=\"wp-block-columns\">\u00a0<\/div>\n\n<div class=\"wp-block-column is-vertically-aligned-center is-layout-flow wp-block-column-is-layout-flow\" style=\"flex-basis: 100%;\">\n<figure id=\"KursOsmoklasisci\" class=\"wp-block-table aligncenter is-style-stripes\">\n<table class=\"has-light-green-cyan-background-color has-background has-fixed-layout\">\n<thead>\n<tr>\n<th class=\"has-text-align-left\" data-align=\"left\"><em><span class=\"has-inline-color has-vivid-red-color\">Charakterystyka kursu <\/span><\/em><\/th>\n<\/tr>\n<\/thead>\n<tbody>\n<tr>\n<td class=\"has-text-align-left\" data-align=\"left\"><br \/>Kompleksowe przygotowanie do egzaminu maturalnego na wybranym poziomie\u00a0<\/td>\n<\/tr>\n<tr>\n<td class=\"has-text-align-left\" data-align=\"left\">80 godzin na poziomie rozszerzonym, 84 godzin na poziomie podstawowym (1h- 45 minut)\u00a0<\/td>\n<\/tr>\n<tr>\n<td class=\"has-text-align-left\" data-align=\"left\">Kompleksowe przygotowanie do egzaminu maturalnego na wybranym poziomie<\/td>\n<\/tr>\n<tr>\n<td class=\"has-text-align-left\" data-align=\"left\">Uzupe\u0142nienie i usystematyzowanie wiedzy<\/td>\n<\/tr>\n<tr>\n<td class=\"has-text-align-left\" data-align=\"left\">Intensywne rozwi\u0105zywanie zada\u0144 pod okiem wykwalifikowanych nauczycieli<\/td>\n<\/tr>\n<tr>\n<td class=\"has-text-align-left\" data-align=\"left\">Pr\u00f3bne egzaminy maturalne, sprawdzane i omawiane przez do\u015bwiadczonych<br \/>nauczycieli<\/td>\n<\/tr>\n<tr>\n<td class=\"has-text-align-left\" data-align=\"left\">Materia\u0142y dydaktyczne<\/td>\n<\/tr>\n<tr>\n<td class=\"has-text-align-left\" data-align=\"left\">Przyjazna atmosfera<\/td>\n<\/tr>\n<tr>\n<td class=\"has-text-align-left\" data-align=\"left\">Taniej ni\u017c korepetycje<\/td>\n<\/tr>\n<tr>\n<td class=\"has-text-align-left\" data-align=\"left\">P\u0142atno\u015b\u0107 miesi\u0119czna<\/td>\n<\/tr>\n<tr>\n<td class=\"has-text-align-left\" data-align=\"left\">Mo\u017cliwo\u015b\u0107 lekcji zdalnych<\/td>\n<\/tr>\n<\/tbody>\n<tfoot>\n<tr>\n<td class=\"has-text-align-left\" data-align=\"left\">Mo\u017cliwo\u015b\u0107 zaj\u0119\u0107 indywidualne przygotowuj\u0105ce do matury \u201e Szyte na miar\u0119\u201d<\/td>\n<\/tr>\n<\/tfoot>\n<\/table>\n<figcaption class=\"wp-element-caption\"><em>Inter-EDU Niepubliczna Plac\u00f3wka Kszta\u0142cenia Ustawicznego<\/em><\/figcaption>\n<\/figure>\n<p> <a style=\"display: inline-block; box-sizing: border-box; border-radius: 5px;color: white !important; width: auto; text-align: center !important; font-size: 24px !important; font-weight: bold !important; padding: 15px 20px 15px 0 !important; text-decoration: none !important;background: #269041 !important;\" class=\"wp-call-button-in-btn\" href=\"tel:+48600667865\"><span><img decoding=\"async\" style=\"width: 70px; height: 30px; vertical-align: middle; border: 0 !important; box-shadow: none !important; -webkit-box-shadow: none !important;\" src=\"data:image\/svg+xml;base64,PHN2ZyB2ZXJzaW9uPSIxLjEiIHhtbG5zPSJodHRwOi8vd3d3LnczLm9yZy8yMDAwL3N2ZyIgeG1sbnM6eGxpbms9Imh0dHA6Ly93d3cudzMub3JnLzE5OTkveGxpbmsiIHg9IjBweCIgeT0iMHB4IiB3aWR0aD0iNDU5cHgiIGhlaWdodD0iNDU5cHgiIHZpZXdCb3g9IjAgMCA0NTkgNDU5IiBzdHlsZT0iZW5hYmxlLWJhY2tncm91bmQ6bmV3IDAgMCA0NTkgNDU5OyIgeG1sOnNwYWNlPSJwcmVzZXJ2ZSI+PGc+PGcgaWQ9ImNhbGwiPjxwYXRoIHN0eWxlPSJmaWxsOiB3aGl0ZTsiIGQ9Ik05MS44LDE5OC45YzM1LjcsNzEuNCw5Ni45LDEzMC4wNSwxNjguMywxNjguM0wzMTYuMiwzMTEuMWM3LjY0OS03LjY0OSwxNy44NS0xMC4xOTksMjUuNS01LjFjMjguMDUsMTAuMiw1OC42NDksMTUuMyw5MS44LDE1LjNjMTUuMywwLDI1LjUsMTAuMiwyNS41LDI1LjV2ODYuN2MwLDE1LjMtMTAuMiwyNS41LTI1LjUsMjUuNUMxOTMuOCw0NTksMCwyNjUuMiwwLDI1LjVDMCwxMC4yLDEwLjIsMCwyNS41LDBoODkuMjVjMTUuMywwLDI1LjUsMTAuMiwyNS41LDI1LjVjMCwzMC42LDUuMSw2MS4yLDE1LjMsOTEuOGMyLjU1LDcuNjUsMCwxNy44NS01LjEsMjUuNUw5MS44LDE5OC45eiIvPjwvZz48L2c+PC9zdmc+\" \/>Zadzwo\u0144 600 667 865 je\u015bli masz pytania.<\/span><\/a> <\/p>\n\n<p>\u00a0<\/p>\n<div class=\"has-text-align-left wp-block-post-date\"><time datetime=\"2021-07-30T11:07:51+02:00\">2021-07-30<\/time><\/div><\/div>\n\t\t\t\t\t\t\t\t<\/div>\n\t\t\t\t<\/div>\n\t\t\t\t\t<\/div>\n\t\t<\/div>\n\t\t\t\t\t<\/div>\n\t\t<\/section>\n\t\t\t\t<\/div>\n\t\t","protected":false},"excerpt":{"rendered":"<p>Matura &#8211; kursy przygotowawcze z: matematyka, fizyka, biologia, chemia, informatyka, j\u0119zyk polski\u00a0, j\u0119zyk angielski \u00a0 Charakterystyka kursu Kompleksowe przygotowanie do egzaminu maturalnego na wybranym poziomie\u00a0 [&hellip;]<\/p>\n","protected":false},"author":1,"featured_media":57,"parent":41,"menu_order":0,"comment_status":"closed","ping_status":"closed","template":"","meta":{"_EventAllDay":false,"_EventTimezone":"","_EventStartDate":"","_EventEndDate":"","_EventStartDateUTC":"","_EventEndDateUTC":"","_EventShowMap":false,"_EventShowMapLink":false,"_EventURL":"","_EventCost":"","_EventCostDescription":"","_EventCurrencySymbol":"","_EventCurrencyCode":"","_EventCurrencyPosition":"","_EventDateTimeSeparator":"","_EventTimeRangeSeparator":"","_EventOrganizerID":[],"_EventVenueID":[],"_OrganizerEmail":"","_OrganizerPhone":"","_OrganizerWebsite":"","_VenueAddress":"","_VenueCity":"","_VenueCountry":"","_VenueProvince":"","_VenueState":"","_VenueZip":"","_VenuePhone":"","_VenueURL":"","_VenueStateProvince":"","_VenueLat":"","_VenueLng":"","_VenueShowMap":false,"_VenueShowMapLink":false,"footnotes":""},"class_list":["post-449","page","type-page","status-publish","has-post-thumbnail","hentry"],"yoast_head":"<!-- This site is optimized with the Yoast SEO plugin v27.4 - https:\/\/yoast.com\/product\/yoast-seo-wordpress\/ -->\n<title>Matura - kursy przygotowawcze - Interaktywne Centrum Edukacji i Us\u0142ug Inter-EDU<\/title>\n<meta name=\"robots\" content=\"index, follow, max-snippet:-1, max-image-preview:large, max-video-preview:-1\" \/>\n<link rel=\"canonical\" href=\"https:\/\/www.inter-edu.pl\/?page_id=449\" \/>\n<meta property=\"og:locale\" content=\"pl_PL\" \/>\n<meta property=\"og:type\" content=\"article\" \/>\n<meta property=\"og:title\" content=\"Matura - kursy przygotowawcze - Interaktywne Centrum Edukacji i Us\u0142ug Inter-EDU\" \/>\n<meta property=\"og:description\" content=\"Matura &#8211; kursy przygotowawcze z: matematyka, fizyka, biologia, chemia, informatyka, j\u0119zyk polski\u00a0, j\u0119zyk angielski \u00a0 Charakterystyka kursu Kompleksowe przygotowanie do egzaminu maturalnego na wybranym poziomie\u00a0 [&hellip;]\" \/>\n<meta property=\"og:url\" content=\"https:\/\/www.inter-edu.pl\/?page_id=449\" \/>\n<meta property=\"og:site_name\" content=\"Interaktywne Centrum Edukacji i Us\u0142ug Inter-EDU\" \/>\n<meta property=\"article:publisher\" content=\"https:\/\/www.facebook.com\/Interaktywna.Edukacja\" \/>\n<meta property=\"article:modified_time\" content=\"2025-11-19T09:13:49+00:00\" \/>\n<meta property=\"og:image\" content=\"https:\/\/www.inter-edu.pl\/wp-content\/uploads\/2020\/09\/przygotowujwmy-do-egazminow.jpg\" \/>\n\t<meta property=\"og:image:width\" content=\"1200\" \/>\n\t<meta property=\"og:image:height\" content=\"900\" \/>\n\t<meta property=\"og:image:type\" content=\"image\/jpeg\" \/>\n<meta name=\"twitter:card\" content=\"summary_large_image\" \/>\n<meta name=\"twitter:label1\" content=\"Szacowany czas czytania\" \/>\n\t<meta name=\"twitter:data1\" content=\"1 minuta\" \/>\n<script type=\"application\/ld+json\" class=\"yoast-schema-graph\">{\"@context\":\"https:\\\/\\\/schema.org\",\"@graph\":[{\"@type\":\"WebPage\",\"@id\":\"https:\\\/\\\/www.inter-edu.pl\\\/?page_id=449\",\"url\":\"https:\\\/\\\/www.inter-edu.pl\\\/?page_id=449\",\"name\":\"Matura - kursy przygotowawcze - Interaktywne Centrum Edukacji i Us\u0142ug Inter-EDU\",\"isPartOf\":{\"@id\":\"https:\\\/\\\/www.inter-edu.pl\\\/#website\"},\"primaryImageOfPage\":{\"@id\":\"https:\\\/\\\/www.inter-edu.pl\\\/?page_id=449#primaryimage\"},\"image\":{\"@id\":\"https:\\\/\\\/www.inter-edu.pl\\\/?page_id=449#primaryimage\"},\"thumbnailUrl\":\"https:\\\/\\\/www.inter-edu.pl\\\/wp-content\\\/uploads\\\/2020\\\/09\\\/przygotowujwmy-do-egazminow.jpg\",\"datePublished\":\"2021-07-30T09:07:51+00:00\",\"dateModified\":\"2025-11-19T09:13:49+00:00\",\"breadcrumb\":{\"@id\":\"https:\\\/\\\/www.inter-edu.pl\\\/?page_id=449#breadcrumb\"},\"inLanguage\":\"pl-PL\",\"potentialAction\":[{\"@type\":\"ReadAction\",\"target\":[\"https:\\\/\\\/www.inter-edu.pl\\\/?page_id=449\"]}]},{\"@type\":\"ImageObject\",\"inLanguage\":\"pl-PL\",\"@id\":\"https:\\\/\\\/www.inter-edu.pl\\\/?page_id=449#primaryimage\",\"url\":\"https:\\\/\\\/www.inter-edu.pl\\\/wp-content\\\/uploads\\\/2020\\\/09\\\/przygotowujwmy-do-egazminow.jpg\",\"contentUrl\":\"https:\\\/\\\/www.inter-edu.pl\\\/wp-content\\\/uploads\\\/2020\\\/09\\\/przygotowujwmy-do-egazminow.jpg\",\"width\":1200,\"height\":900,\"caption\":\"Inter-EDU Edukacja\"},{\"@type\":\"BreadcrumbList\",\"@id\":\"https:\\\/\\\/www.inter-edu.pl\\\/?page_id=449#breadcrumb\",\"itemListElement\":[{\"@type\":\"ListItem\",\"position\":1,\"name\":\"Strona g\u0142\u00f3wna\",\"item\":\"https:\\\/\\\/www.inter-edu.pl\\\/\"},{\"@type\":\"ListItem\",\"position\":2,\"name\":\"Edukacja\",\"item\":\"https:\\\/\\\/www.inter-edu.pl\\\/?page_id=41\"},{\"@type\":\"ListItem\",\"position\":3,\"name\":\"Matura &#8211; kursy przygotowawcze\"}]},{\"@type\":\"WebSite\",\"@id\":\"https:\\\/\\\/www.inter-edu.pl\\\/#website\",\"url\":\"https:\\\/\\\/www.inter-edu.pl\\\/\",\"name\":\"Interaktywne Centrum Edukacji i Us\u0142ug Inter-EDU\",\"description\":\"\",\"publisher\":{\"@id\":\"https:\\\/\\\/www.inter-edu.pl\\\/#organization\"},\"potentialAction\":[{\"@type\":\"SearchAction\",\"target\":{\"@type\":\"EntryPoint\",\"urlTemplate\":\"https:\\\/\\\/www.inter-edu.pl\\\/?s={search_term_string}\"},\"query-input\":{\"@type\":\"PropertyValueSpecification\",\"valueRequired\":true,\"valueName\":\"search_term_string\"}}],\"inLanguage\":\"pl-PL\"},{\"@type\":\"Organization\",\"@id\":\"https:\\\/\\\/www.inter-edu.pl\\\/#organization\",\"name\":\"Interaktywne Centrum Edukacji i Us\u0142ug Inter-EDU\",\"url\":\"https:\\\/\\\/www.inter-edu.pl\\\/\",\"logo\":{\"@type\":\"ImageObject\",\"inLanguage\":\"pl-PL\",\"@id\":\"https:\\\/\\\/www.inter-edu.pl\\\/#\\\/schema\\\/logo\\\/image\\\/\",\"url\":\"https:\\\/\\\/www.inter-edu.pl\\\/wp-content\\\/uploads\\\/2021\\\/07\\\/cropped-mini-logo-1.png\",\"contentUrl\":\"https:\\\/\\\/www.inter-edu.pl\\\/wp-content\\\/uploads\\\/2021\\\/07\\\/cropped-mini-logo-1.png\",\"width\":68,\"height\":86,\"caption\":\"Interaktywne Centrum Edukacji i Us\u0142ug Inter-EDU\"},\"image\":{\"@id\":\"https:\\\/\\\/www.inter-edu.pl\\\/#\\\/schema\\\/logo\\\/image\\\/\"},\"sameAs\":[\"https:\\\/\\\/www.facebook.com\\\/Interaktywna.Edukacja\"]}]}<\/script>\n<!-- \/ Yoast SEO plugin. -->","yoast_head_json":{"title":"Matura - kursy przygotowawcze - Interaktywne Centrum Edukacji i Us\u0142ug Inter-EDU","robots":{"index":"index","follow":"follow","max-snippet":"max-snippet:-1","max-image-preview":"max-image-preview:large","max-video-preview":"max-video-preview:-1"},"canonical":"https:\/\/www.inter-edu.pl\/?page_id=449","og_locale":"pl_PL","og_type":"article","og_title":"Matura - kursy przygotowawcze - Interaktywne Centrum Edukacji i Us\u0142ug Inter-EDU","og_description":"Matura &#8211; kursy przygotowawcze z: matematyka, fizyka, biologia, chemia, informatyka, j\u0119zyk polski\u00a0, j\u0119zyk angielski \u00a0 Charakterystyka kursu Kompleksowe przygotowanie do egzaminu maturalnego na wybranym poziomie\u00a0 [&hellip;]","og_url":"https:\/\/www.inter-edu.pl\/?page_id=449","og_site_name":"Interaktywne Centrum Edukacji i Us\u0142ug Inter-EDU","article_publisher":"https:\/\/www.facebook.com\/Interaktywna.Edukacja","article_modified_time":"2025-11-19T09:13:49+00:00","og_image":[{"width":1200,"height":900,"url":"https:\/\/www.inter-edu.pl\/wp-content\/uploads\/2020\/09\/przygotowujwmy-do-egazminow.jpg","type":"image\/jpeg"}],"twitter_card":"summary_large_image","twitter_misc":{"Szacowany czas czytania":"1 minuta"},"schema":{"@context":"https:\/\/schema.org","@graph":[{"@type":"WebPage","@id":"https:\/\/www.inter-edu.pl\/?page_id=449","url":"https:\/\/www.inter-edu.pl\/?page_id=449","name":"Matura - kursy przygotowawcze - Interaktywne Centrum Edukacji i Us\u0142ug Inter-EDU","isPartOf":{"@id":"https:\/\/www.inter-edu.pl\/#website"},"primaryImageOfPage":{"@id":"https:\/\/www.inter-edu.pl\/?page_id=449#primaryimage"},"image":{"@id":"https:\/\/www.inter-edu.pl\/?page_id=449#primaryimage"},"thumbnailUrl":"https:\/\/www.inter-edu.pl\/wp-content\/uploads\/2020\/09\/przygotowujwmy-do-egazminow.jpg","datePublished":"2021-07-30T09:07:51+00:00","dateModified":"2025-11-19T09:13:49+00:00","breadcrumb":{"@id":"https:\/\/www.inter-edu.pl\/?page_id=449#breadcrumb"},"inLanguage":"pl-PL","potentialAction":[{"@type":"ReadAction","target":["https:\/\/www.inter-edu.pl\/?page_id=449"]}]},{"@type":"ImageObject","inLanguage":"pl-PL","@id":"https:\/\/www.inter-edu.pl\/?page_id=449#primaryimage","url":"https:\/\/www.inter-edu.pl\/wp-content\/uploads\/2020\/09\/przygotowujwmy-do-egazminow.jpg","contentUrl":"https:\/\/www.inter-edu.pl\/wp-content\/uploads\/2020\/09\/przygotowujwmy-do-egazminow.jpg","width":1200,"height":900,"caption":"Inter-EDU Edukacja"},{"@type":"BreadcrumbList","@id":"https:\/\/www.inter-edu.pl\/?page_id=449#breadcrumb","itemListElement":[{"@type":"ListItem","position":1,"name":"Strona g\u0142\u00f3wna","item":"https:\/\/www.inter-edu.pl\/"},{"@type":"ListItem","position":2,"name":"Edukacja","item":"https:\/\/www.inter-edu.pl\/?page_id=41"},{"@type":"ListItem","position":3,"name":"Matura &#8211; kursy przygotowawcze"}]},{"@type":"WebSite","@id":"https:\/\/www.inter-edu.pl\/#website","url":"https:\/\/www.inter-edu.pl\/","name":"Interaktywne Centrum Edukacji i Us\u0142ug Inter-EDU","description":"","publisher":{"@id":"https:\/\/www.inter-edu.pl\/#organization"},"potentialAction":[{"@type":"SearchAction","target":{"@type":"EntryPoint","urlTemplate":"https:\/\/www.inter-edu.pl\/?s={search_term_string}"},"query-input":{"@type":"PropertyValueSpecification","valueRequired":true,"valueName":"search_term_string"}}],"inLanguage":"pl-PL"},{"@type":"Organization","@id":"https:\/\/www.inter-edu.pl\/#organization","name":"Interaktywne Centrum Edukacji i Us\u0142ug Inter-EDU","url":"https:\/\/www.inter-edu.pl\/","logo":{"@type":"ImageObject","inLanguage":"pl-PL","@id":"https:\/\/www.inter-edu.pl\/#\/schema\/logo\/image\/","url":"https:\/\/www.inter-edu.pl\/wp-content\/uploads\/2021\/07\/cropped-mini-logo-1.png","contentUrl":"https:\/\/www.inter-edu.pl\/wp-content\/uploads\/2021\/07\/cropped-mini-logo-1.png","width":68,"height":86,"caption":"Interaktywne Centrum Edukacji i Us\u0142ug Inter-EDU"},"image":{"@id":"https:\/\/www.inter-edu.pl\/#\/schema\/logo\/image\/"},"sameAs":["https:\/\/www.facebook.com\/Interaktywna.Edukacja"]}]}},"_links":{"self":[{"href":"https:\/\/www.inter-edu.pl\/index.php?rest_route=\/wp\/v2\/pages\/449","targetHints":{"allow":["GET"]}}],"collection":[{"href":"https:\/\/www.inter-edu.pl\/index.php?rest_route=\/wp\/v2\/pages"}],"about":[{"href":"https:\/\/www.inter-edu.pl\/index.php?rest_route=\/wp\/v2\/types\/page"}],"author":[{"embeddable":true,"href":"https:\/\/www.inter-edu.pl\/index.php?rest_route=\/wp\/v2\/users\/1"}],"replies":[{"embeddable":true,"href":"https:\/\/www.inter-edu.pl\/index.php?rest_route=%2Fwp%2Fv2%2Fcomments&post=449"}],"version-history":[{"count":13,"href":"https:\/\/www.inter-edu.pl\/index.php?rest_route=\/wp\/v2\/pages\/449\/revisions"}],"predecessor-version":[{"id":3324,"href":"https:\/\/www.inter-edu.pl\/index.php?rest_route=\/wp\/v2\/pages\/449\/revisions\/3324"}],"up":[{"embeddable":true,"href":"https:\/\/www.inter-edu.pl\/index.php?rest_route=\/wp\/v2\/pages\/41"}],"wp:featuredmedia":[{"embeddable":true,"href":"https:\/\/www.inter-edu.pl\/index.php?rest_route=\/wp\/v2\/media\/57"}],"wp:attachment":[{"href":"https:\/\/www.inter-edu.pl\/index.php?rest_route=%2Fwp%2Fv2%2Fmedia&parent=449"}],"curies":[{"name":"wp","href":"https:\/\/api.w.org\/{rel}","templated":true}]}}