{"id":643,"date":"2021-08-15T17:38:20","date_gmt":"2021-08-15T15:38:20","guid":{"rendered":"http:\/\/www.inter-edu.pl\/?page_id=643"},"modified":"2021-08-18T07:57:12","modified_gmt":"2021-08-18T05:57:12","slug":"matura-od-2023","status":"publish","type":"page","link":"https:\/\/www.inter-edu.pl\/?page_id=643","title":{"rendered":"Matura od 2023"},"content":{"rendered":"\n<h1 class=\"wp-block-heading\">Egzamin maturalny po podstaw\u00f3wce od 2023 r.<\/h1>\n\n\n\n<h3 class=\"wp-block-heading\">Egzamin maturalny w Formule 2023&nbsp;obowi\u0105zuje:&nbsp;&nbsp;<\/h3>\n\n\n\n<ol class=\"wp-block-list\" style=\"font-size:24px\"><li><strong><em><span class=\"has-inline-color has-vivid-red-color\">absolwent\u00f3w lice\u00f3w og\u00f3lnokszta\u0142c\u0105cych \u2013 od roku szkolnego 2022\/2023<\/span><\/em><\/strong><\/li><li><strong><em><span class=\"has-inline-color has-vivid-red-color\">absolwent\u00f3w technik\u00f3w \u2013 od roku szkolnego 2023\/2024.&nbsp;<\/span><\/em><\/strong><\/li><\/ol>\n\n\n\n<p class=\"has-drop-cap has-vivid-red-color has-light-green-cyan-background-color has-text-color has-background\">W informatorze na stronie Centralnej Komisji Egzaminacyjnej<strong> umieszczony jest dok\u0142adny opis egzaminu maturalnego z poszczeg\u00f3lnych przedmiot\u00f3w, przyk\u0142adowe zadania oraz zasady przyst\u0105pienia do egzaminu maturalnego. Przypominamy kr\u00f3tko og\u00f3lne zasady:<\/strong><\/p>\n\n\n\n<h2 class=\"wp-block-heading\">1. Egzamin maturalny jest przeprowadzany z przedmiot\u00f3w obowi\u0105zkowych oraz przedmiot\u00f3w dodatkowych i sk\u0142ada si\u0119 z cz\u0119\u015bci ustnej oraz z cz\u0119\u015bci pisemnej.<\/h2>\n\n\n\n<h3 class=\"wp-block-heading\">Przedmioty obowi\u0105zkowe:<\/h3>\n\n\n\n<h4 class=\"wp-block-heading\">Cz\u0119\u015b\u0107 pisemna:<\/h4>\n\n\n\n<figure class=\"wp-block-table is-style-stripes\"><table class=\"has-black-color has-light-green-cyan-background-color has-text-color has-background\"><thead><tr><th><span class=\"has-inline-color has-vivid-red-color\">Przedmiot obowi\u0105zkowy &#8211; cz\u0119\u015b\u0107 pisemna<\/span><\/th><th>Poziom egzaminu maturalnego<\/th><\/tr><\/thead><tbody><tr><td>J\u0119zyk polski<\/td><td>Podstawowy<\/td><\/tr><tr><td>J\u0119zyk obcy nowo\u017cytny<\/td><td>Podstawowy<\/td><\/tr><tr><td>Matematyka<\/td><td>Podstawowy<\/td><\/tr><tr><td>J\u0119zyk mniejszo\u015bci narodowej (wy\u0142\u0105cznie absolwenci szk\u00f3\u0142 i oddzia\u0142\u00f3w z j\u0119zykiem nauczania danej mniejszo\u015bci narodowej) <\/td><td>Podstawowy<\/td><\/tr><\/tbody><\/table><\/figure>\n\n\n\n<h4 class=\"wp-block-heading\">Cz\u0119\u015b\u0107 ustna:<\/h4>\n\n\n\n<figure class=\"wp-block-table aligncenter is-style-stripes\"><table class=\"has-black-color has-light-green-cyan-background-color has-text-color has-background\"><thead><tr><th><span class=\"has-inline-color has-vivid-red-color\">Przedmiot obowi\u0105zkowy &#8211; cz\u0119\u015b\u0107 ustna <\/span><\/th><th>Poziom egzaminu maturalnego<\/th><\/tr><\/thead><tbody><tr><td>J\u0119zyk polski<\/td><td>Bez okre\u015blenia<\/td><\/tr><tr><td>J\u0119zyk obcy nowo\u017cytny ten san j\u0119zyk co w cz\u0119\u015bci pisemnej<\/td><td>Bez okre\u015blenia<\/td><\/tr><tr><td>J\u0119zyk mniejszo\u015bci narodowej (wy\u0142\u0105cznie absolwenci szk\u00f3\u0142 i oddzia\u0142\u00f3w z j\u0119zykiem nauczania danej mniejszo\u015bci narodowej) <\/td><td>Bez okre\u015blenia<\/td><\/tr><\/tbody><\/table><\/figure>\n\n\n\n<h4 class=\"wp-block-heading\">Przedmioty dodatkowe wyb\u00f3r spo\u015br\u00f3d:<\/h4>\n\n\n\n<figure class=\"wp-block-table aligncenter is-style-stripes\"><table class=\"has-black-color has-light-green-cyan-background-color has-text-color has-background\"><thead><tr><th><span class=\"has-inline-color has-vivid-red-color\">Przedmiot dodatkowe &#8211; wyb\u00f3r spo\u015br\u00f3d <\/span><\/th><th>Poziom egzaminu maturalnego<\/th><\/tr><\/thead><tbody><tr><td>J\u0119zyk polski<\/td><td>Poziom rozszerzony<\/td><\/tr><tr><td>Matematyka<\/td><td>Poziom rozszerzony <\/td><\/tr><tr><td>Fizyka<\/td><td> Poziom rozszerzony  <\/td><\/tr><tr><td>Chemia<\/td><td> Poziom rozszerzony  <\/td><\/tr><tr><td>Informatyka<\/td><td> Poziom rozszerzony  <\/td><\/tr><tr><td><strong>Biologia<\/strong><\/td><td> Poziom rozszerzony  <\/td><\/tr><tr><td>Geografia<\/td><td> Poziom rozszerzony  <\/td><\/tr><tr><td>Historia<\/td><td> Poziom rozszerzony  <\/td><\/tr><tr><td>Filozofia<\/td><td> Poziom rozszerzony  <\/td><\/tr><tr><td>Historia muzyki<\/td><td> Poziom rozszerzony  <\/td><\/tr><tr><td>Historia sztuki<\/td><td> Poziom rozszerzony  <\/td><\/tr><tr><td>Wiedza o spo\u0142ecze\u0144stwie<\/td><td> Poziom rozszerzony  <\/td><\/tr><tr><td>J\u0119zyk obcy nowo\u017cytny<\/td><td> Poziom rozszerzony   lub dwuj\u0119zyczny<\/td><\/tr><tr><td>J\u0119zyk \u0142aci\u0144ski i kultura antyczna<\/td><td> Poziom rozszerzony  <\/td><\/tr><tr><td>J\u0119zyk mniejszo\u015bci etnicznej<\/td><td> Poziom rozszerzony  <\/td><\/tr><tr><td>J\u0119zyk mniejszo\u015bci narodowej<\/td><td> Poziom rozszerzony  <\/td><\/tr><tr><td>J\u0119zyk regionalny<\/td><td> Poziom rozszerzony  <\/td><\/tr><\/tbody><\/table><\/figure>\n\n\n\n<h2 class=\"wp-block-heading\">2. W przypadku egzaminu maturalnego z przedmiot\u00f3w dodatkowych:<\/h2>\n\n\n\n<ul class=\"wp-block-list\"><li>absolwent przyst\u0119puje obowi\u0105zkowo do jednego egzaminu w cz\u0119\u015bci pisemnej na poziomie rozszerzonym, a w przypadku j\u0119zyk\u00f3w obcych nowo\u017cytnych \u2013 na poziomie rozszerzonym albo dwuj\u0119zycznym (szczeg\u00f3lne uprawnienia lub obowi\u0105zki w tym zakresie \u2013 patrz pkt D3\u2013D7 informator Formu\u0142a 2023)&nbsp;&nbsp;<\/li><li>absolwent ma r\u00f3wnie\u017c prawo przyst\u0105pi\u0107 do egzaminu z nie wi\u0119cej ni\u017c pi\u0119ciu kolejnych przedmiot\u00f3w opr\u00f3cz przedmiotu, o kt\u00f3rym mowa w powy\u017cszym punkcie.&nbsp;<\/li><li>wyb\u00f3r przedmiotu nie jest zale\u017cny od typu szko\u0142y, do kt\u00f3rej absolwent ucz\u0119szcza\u0142, ani od przedmiot\u00f3w, kt\u00f3rych uczy\u0142 si\u0119 w zakresie rozszerzonym w tej szkole.wyb\u00f3r przedmiotu nie jest zale\u017cny ani od typu szko\u0142y, do kt\u00f3rej absolwent ucz\u0119szcza\u0142, ani od przedmiot\u00f3w, kt\u00f3rych uczy\u0142 si\u0119 w tej szkole (z wyj\u0105tkiem Absolwent\u00f3w szko\u0142y lub oddzia\u0142u dwuj\u0119zycznego kt\u00f3rzy przyst\u0119puj\u0105 obowi\u0105zkowo do cz\u0119\u015bci pisemnej egzaminu maturalnego z j\u0119zyka obcego nowo\u017cytnego na poziomie dwuj\u0119zycznym).<\/li><\/ul>\n\n\n\n<h2 class=\"wp-block-heading\">3. Szczeg\u00f3\u0142owe informacj\u0119 i wyj\u0105tki odst\u0119pstw obowi\u0105zkowego przyst\u0105pienia do jednego egzaminu dodatkowego w cz\u0119\u015bci pisemnej znajduj\u0105 si\u0119 w informatorze Formu\u0142a 2023.&nbsp;<\/h2>\n\n\n\n<h2 class=\"wp-block-heading\">4. Aby zda\u0107 egzamin maturalny, absolwent musi:<\/h2>\n\n\n\n<ul class=\"wp-block-list\"><li>otrzyma\u0107 co najmniej 30% punkt\u00f3w mo\u017cliwych do uzyskania z egzaminu z ka\u017cdego przedmiotu obowi\u0105zkowego w cz\u0119\u015bci ustnej i w cz\u0119\u015bci pisemnej<\/li><li>otrzyma\u0107&nbsp;<strong>co najmniej 30% punkt\u00f3w z cz\u0119\u015bci pisemnej egzaminu z jednego przedmiotu dodatkowego na poziomie rozszerzonym \u2013<\/strong>&nbsp;a w przypadku j\u0119zyk\u00f3w obcych nowo\u017cytnych \u2013 na poziomie rozszerzonym albo dwuj\u0119zycznym. \u017baden z wy\u017cej wymienionych egzamin\u00f3w nie mo\u017ce r\u00f3wnie\u017c zosta\u0107 uniewa\u017cniony.&nbsp;<\/li><\/ul>\n\n\n\n<hr class=\"wp-block-separator\"\/>\n\n\n\n<h2 class=\"wp-block-heading\"><em><strong>Zach\u0119camy do skorzystania z informatora o egzaminie maturalnym od roku szkolnego 2022\/2023 !!!&nbsp;Informator znajduj\u0119 si\u0119 na stronie Centralnej Komisji Egzaminacyjnej.&nbsp;<\/strong><\/em><\/h2>\n","protected":false},"excerpt":{"rendered":"<p>Egzamin maturalny po podstaw\u00f3wce od 2023 r. Egzamin maturalny w Formule 2023&nbsp;obowi\u0105zuje:&nbsp;&nbsp; absolwent\u00f3w lice\u00f3w og\u00f3lnokszta\u0142c\u0105cych \u2013 od roku szkolnego 2022\/2023 absolwent\u00f3w technik\u00f3w \u2013 od roku [&hellip;]<\/p>\n","protected":false},"author":1,"featured_media":136,"parent":449,"menu_order":2,"comment_status":"open","ping_status":"closed","template":"","meta":{"_EventAllDay":false,"_EventTimezone":"","_EventStartDate":"","_EventEndDate":"","_EventStartDateUTC":"","_EventEndDateUTC":"","_EventShowMap":false,"_EventShowMapLink":false,"_EventURL":"","_EventCost":"","_EventCostDescription":"","_EventCurrencySymbol":"","_EventCurrencyCode":"","_EventCurrencyPosition":"","_EventDateTimeSeparator":"","_EventTimeRangeSeparator":"","_EventOrganizerID":[],"_EventVenueID":[],"_OrganizerEmail":"","_OrganizerPhone":"","_OrganizerWebsite":"","_VenueAddress":"","_VenueCity":"","_VenueCountry":"","_VenueProvince":"","_VenueState":"","_VenueZip":"","_VenuePhone":"","_VenueURL":"","_VenueStateProvince":"","_VenueLat":"","_VenueLng":"","_VenueShowMap":false,"_VenueShowMapLink":false,"footnotes":""},"class_list":["post-643","page","type-page","status-publish","has-post-thumbnail","hentry"],"yoast_head":"<!-- This site is optimized with the Yoast SEO plugin v27.4 - https:\/\/yoast.com\/product\/yoast-seo-wordpress\/ -->\n<title>Matura od 2023 - Interaktywne Centrum Edukacji i Us\u0142ug Inter-EDU<\/title>\n<meta name=\"robots\" content=\"index, follow, max-snippet:-1, max-image-preview:large, max-video-preview:-1\" \/>\n<link rel=\"canonical\" href=\"https:\/\/www.inter-edu.pl\/?page_id=643\" \/>\n<meta property=\"og:locale\" content=\"pl_PL\" \/>\n<meta property=\"og:type\" content=\"article\" \/>\n<meta property=\"og:title\" content=\"Matura od 2023 - Interaktywne Centrum Edukacji i Us\u0142ug Inter-EDU\" \/>\n<meta property=\"og:description\" content=\"Egzamin maturalny po podstaw\u00f3wce od 2023 r. Egzamin maturalny w Formule 2023&nbsp;obowi\u0105zuje:&nbsp;&nbsp; absolwent\u00f3w lice\u00f3w og\u00f3lnokszta\u0142c\u0105cych \u2013 od roku szkolnego 2022\/2023 absolwent\u00f3w technik\u00f3w \u2013 od roku [&hellip;]\" \/>\n<meta property=\"og:url\" content=\"https:\/\/www.inter-edu.pl\/?page_id=643\" \/>\n<meta property=\"og:site_name\" content=\"Interaktywne Centrum Edukacji i Us\u0142ug Inter-EDU\" \/>\n<meta property=\"article:publisher\" content=\"https:\/\/www.facebook.com\/Interaktywna.Edukacja\" \/>\n<meta property=\"article:modified_time\" content=\"2021-08-18T05:57:12+00:00\" \/>\n<meta property=\"og:image\" content=\"https:\/\/www.inter-edu.pl\/wp-content\/uploads\/2020\/09\/cropped-przygotowujwmy-do-egazminow-4.jpg\" \/>\n\t<meta property=\"og:image:width\" content=\"1920\" \/>\n\t<meta property=\"og:image:height\" content=\"1081\" \/>\n\t<meta property=\"og:image:type\" content=\"image\/jpeg\" \/>\n<meta name=\"twitter:card\" content=\"summary_large_image\" \/>\n<meta name=\"twitter:label1\" content=\"Szacowany czas czytania\" \/>\n\t<meta name=\"twitter:data1\" content=\"3 minuty\" \/>\n<script type=\"application\/ld+json\" class=\"yoast-schema-graph\">{\"@context\":\"https:\\\/\\\/schema.org\",\"@graph\":[{\"@type\":\"WebPage\",\"@id\":\"https:\\\/\\\/www.inter-edu.pl\\\/?page_id=643\",\"url\":\"https:\\\/\\\/www.inter-edu.pl\\\/?page_id=643\",\"name\":\"Matura od 2023 - Interaktywne Centrum Edukacji i Us\u0142ug Inter-EDU\",\"isPartOf\":{\"@id\":\"https:\\\/\\\/www.inter-edu.pl\\\/#website\"},\"primaryImageOfPage\":{\"@id\":\"https:\\\/\\\/www.inter-edu.pl\\\/?page_id=643#primaryimage\"},\"image\":{\"@id\":\"https:\\\/\\\/www.inter-edu.pl\\\/?page_id=643#primaryimage\"},\"thumbnailUrl\":\"https:\\\/\\\/www.inter-edu.pl\\\/wp-content\\\/uploads\\\/2020\\\/09\\\/cropped-przygotowujwmy-do-egazminow-4.jpg\",\"datePublished\":\"2021-08-15T15:38:20+00:00\",\"dateModified\":\"2021-08-18T05:57:12+00:00\",\"breadcrumb\":{\"@id\":\"https:\\\/\\\/www.inter-edu.pl\\\/?page_id=643#breadcrumb\"},\"inLanguage\":\"pl-PL\",\"potentialAction\":[{\"@type\":\"ReadAction\",\"target\":[\"https:\\\/\\\/www.inter-edu.pl\\\/?page_id=643\"]}]},{\"@type\":\"ImageObject\",\"inLanguage\":\"pl-PL\",\"@id\":\"https:\\\/\\\/www.inter-edu.pl\\\/?page_id=643#primaryimage\",\"url\":\"https:\\\/\\\/www.inter-edu.pl\\\/wp-content\\\/uploads\\\/2020\\\/09\\\/cropped-przygotowujwmy-do-egazminow-4.jpg\",\"contentUrl\":\"https:\\\/\\\/www.inter-edu.pl\\\/wp-content\\\/uploads\\\/2020\\\/09\\\/cropped-przygotowujwmy-do-egazminow-4.jpg\",\"width\":1920,\"height\":1081},{\"@type\":\"BreadcrumbList\",\"@id\":\"https:\\\/\\\/www.inter-edu.pl\\\/?page_id=643#breadcrumb\",\"itemListElement\":[{\"@type\":\"ListItem\",\"position\":1,\"name\":\"Strona g\u0142\u00f3wna\",\"item\":\"https:\\\/\\\/www.inter-edu.pl\\\/\"},{\"@type\":\"ListItem\",\"position\":2,\"name\":\"Edukacja\",\"item\":\"https:\\\/\\\/www.inter-edu.pl\\\/?page_id=41\"},{\"@type\":\"ListItem\",\"position\":3,\"name\":\"Matura &#8211; kursy przygotowawcze\",\"item\":\"https:\\\/\\\/www.inter-edu.pl\\\/?page_id=449\"},{\"@type\":\"ListItem\",\"position\":4,\"name\":\"Matura od 2023\"}]},{\"@type\":\"WebSite\",\"@id\":\"https:\\\/\\\/www.inter-edu.pl\\\/#website\",\"url\":\"https:\\\/\\\/www.inter-edu.pl\\\/\",\"name\":\"Interaktywne Centrum Edukacji i Us\u0142ug Inter-EDU\",\"description\":\"\",\"publisher\":{\"@id\":\"https:\\\/\\\/www.inter-edu.pl\\\/#organization\"},\"potentialAction\":[{\"@type\":\"SearchAction\",\"target\":{\"@type\":\"EntryPoint\",\"urlTemplate\":\"https:\\\/\\\/www.inter-edu.pl\\\/?s={search_term_string}\"},\"query-input\":{\"@type\":\"PropertyValueSpecification\",\"valueRequired\":true,\"valueName\":\"search_term_string\"}}],\"inLanguage\":\"pl-PL\"},{\"@type\":\"Organization\",\"@id\":\"https:\\\/\\\/www.inter-edu.pl\\\/#organization\",\"name\":\"Interaktywne Centrum Edukacji i Us\u0142ug Inter-EDU\",\"url\":\"https:\\\/\\\/www.inter-edu.pl\\\/\",\"logo\":{\"@type\":\"ImageObject\",\"inLanguage\":\"pl-PL\",\"@id\":\"https:\\\/\\\/www.inter-edu.pl\\\/#\\\/schema\\\/logo\\\/image\\\/\",\"url\":\"https:\\\/\\\/www.inter-edu.pl\\\/wp-content\\\/uploads\\\/2021\\\/07\\\/cropped-mini-logo-1.png\",\"contentUrl\":\"https:\\\/\\\/www.inter-edu.pl\\\/wp-content\\\/uploads\\\/2021\\\/07\\\/cropped-mini-logo-1.png\",\"width\":68,\"height\":86,\"caption\":\"Interaktywne Centrum Edukacji i Us\u0142ug Inter-EDU\"},\"image\":{\"@id\":\"https:\\\/\\\/www.inter-edu.pl\\\/#\\\/schema\\\/logo\\\/image\\\/\"},\"sameAs\":[\"https:\\\/\\\/www.facebook.com\\\/Interaktywna.Edukacja\"]}]}<\/script>\n<!-- \/ Yoast SEO plugin. -->","yoast_head_json":{"title":"Matura od 2023 - Interaktywne Centrum Edukacji i Us\u0142ug Inter-EDU","robots":{"index":"index","follow":"follow","max-snippet":"max-snippet:-1","max-image-preview":"max-image-preview:large","max-video-preview":"max-video-preview:-1"},"canonical":"https:\/\/www.inter-edu.pl\/?page_id=643","og_locale":"pl_PL","og_type":"article","og_title":"Matura od 2023 - Interaktywne Centrum Edukacji i Us\u0142ug Inter-EDU","og_description":"Egzamin maturalny po podstaw\u00f3wce od 2023 r. Egzamin maturalny w Formule 2023&nbsp;obowi\u0105zuje:&nbsp;&nbsp; absolwent\u00f3w lice\u00f3w og\u00f3lnokszta\u0142c\u0105cych \u2013 od roku szkolnego 2022\/2023 absolwent\u00f3w technik\u00f3w \u2013 od roku [&hellip;]","og_url":"https:\/\/www.inter-edu.pl\/?page_id=643","og_site_name":"Interaktywne Centrum Edukacji i Us\u0142ug Inter-EDU","article_publisher":"https:\/\/www.facebook.com\/Interaktywna.Edukacja","article_modified_time":"2021-08-18T05:57:12+00:00","og_image":[{"width":1920,"height":1081,"url":"https:\/\/www.inter-edu.pl\/wp-content\/uploads\/2020\/09\/cropped-przygotowujwmy-do-egazminow-4.jpg","type":"image\/jpeg"}],"twitter_card":"summary_large_image","twitter_misc":{"Szacowany czas czytania":"3 minuty"},"schema":{"@context":"https:\/\/schema.org","@graph":[{"@type":"WebPage","@id":"https:\/\/www.inter-edu.pl\/?page_id=643","url":"https:\/\/www.inter-edu.pl\/?page_id=643","name":"Matura od 2023 - Interaktywne Centrum Edukacji i Us\u0142ug Inter-EDU","isPartOf":{"@id":"https:\/\/www.inter-edu.pl\/#website"},"primaryImageOfPage":{"@id":"https:\/\/www.inter-edu.pl\/?page_id=643#primaryimage"},"image":{"@id":"https:\/\/www.inter-edu.pl\/?page_id=643#primaryimage"},"thumbnailUrl":"https:\/\/www.inter-edu.pl\/wp-content\/uploads\/2020\/09\/cropped-przygotowujwmy-do-egazminow-4.jpg","datePublished":"2021-08-15T15:38:20+00:00","dateModified":"2021-08-18T05:57:12+00:00","breadcrumb":{"@id":"https:\/\/www.inter-edu.pl\/?page_id=643#breadcrumb"},"inLanguage":"pl-PL","potentialAction":[{"@type":"ReadAction","target":["https:\/\/www.inter-edu.pl\/?page_id=643"]}]},{"@type":"ImageObject","inLanguage":"pl-PL","@id":"https:\/\/www.inter-edu.pl\/?page_id=643#primaryimage","url":"https:\/\/www.inter-edu.pl\/wp-content\/uploads\/2020\/09\/cropped-przygotowujwmy-do-egazminow-4.jpg","contentUrl":"https:\/\/www.inter-edu.pl\/wp-content\/uploads\/2020\/09\/cropped-przygotowujwmy-do-egazminow-4.jpg","width":1920,"height":1081},{"@type":"BreadcrumbList","@id":"https:\/\/www.inter-edu.pl\/?page_id=643#breadcrumb","itemListElement":[{"@type":"ListItem","position":1,"name":"Strona g\u0142\u00f3wna","item":"https:\/\/www.inter-edu.pl\/"},{"@type":"ListItem","position":2,"name":"Edukacja","item":"https:\/\/www.inter-edu.pl\/?page_id=41"},{"@type":"ListItem","position":3,"name":"Matura &#8211; kursy przygotowawcze","item":"https:\/\/www.inter-edu.pl\/?page_id=449"},{"@type":"ListItem","position":4,"name":"Matura od 2023"}]},{"@type":"WebSite","@id":"https:\/\/www.inter-edu.pl\/#website","url":"https:\/\/www.inter-edu.pl\/","name":"Interaktywne Centrum Edukacji i Us\u0142ug Inter-EDU","description":"","publisher":{"@id":"https:\/\/www.inter-edu.pl\/#organization"},"potentialAction":[{"@type":"SearchAction","target":{"@type":"EntryPoint","urlTemplate":"https:\/\/www.inter-edu.pl\/?s={search_term_string}"},"query-input":{"@type":"PropertyValueSpecification","valueRequired":true,"valueName":"search_term_string"}}],"inLanguage":"pl-PL"},{"@type":"Organization","@id":"https:\/\/www.inter-edu.pl\/#organization","name":"Interaktywne Centrum Edukacji i Us\u0142ug Inter-EDU","url":"https:\/\/www.inter-edu.pl\/","logo":{"@type":"ImageObject","inLanguage":"pl-PL","@id":"https:\/\/www.inter-edu.pl\/#\/schema\/logo\/image\/","url":"https:\/\/www.inter-edu.pl\/wp-content\/uploads\/2021\/07\/cropped-mini-logo-1.png","contentUrl":"https:\/\/www.inter-edu.pl\/wp-content\/uploads\/2021\/07\/cropped-mini-logo-1.png","width":68,"height":86,"caption":"Interaktywne Centrum Edukacji i Us\u0142ug Inter-EDU"},"image":{"@id":"https:\/\/www.inter-edu.pl\/#\/schema\/logo\/image\/"},"sameAs":["https:\/\/www.facebook.com\/Interaktywna.Edukacja"]}]}},"_links":{"self":[{"href":"https:\/\/www.inter-edu.pl\/index.php?rest_route=\/wp\/v2\/pages\/643","targetHints":{"allow":["GET"]}}],"collection":[{"href":"https:\/\/www.inter-edu.pl\/index.php?rest_route=\/wp\/v2\/pages"}],"about":[{"href":"https:\/\/www.inter-edu.pl\/index.php?rest_route=\/wp\/v2\/types\/page"}],"author":[{"embeddable":true,"href":"https:\/\/www.inter-edu.pl\/index.php?rest_route=\/wp\/v2\/users\/1"}],"replies":[{"embeddable":true,"href":"https:\/\/www.inter-edu.pl\/index.php?rest_route=%2Fwp%2Fv2%2Fcomments&post=643"}],"version-history":[{"count":15,"href":"https:\/\/www.inter-edu.pl\/index.php?rest_route=\/wp\/v2\/pages\/643\/revisions"}],"predecessor-version":[{"id":731,"href":"https:\/\/www.inter-edu.pl\/index.php?rest_route=\/wp\/v2\/pages\/643\/revisions\/731"}],"up":[{"embeddable":true,"href":"https:\/\/www.inter-edu.pl\/index.php?rest_route=\/wp\/v2\/pages\/449"}],"wp:featuredmedia":[{"embeddable":true,"href":"https:\/\/www.inter-edu.pl\/index.php?rest_route=\/wp\/v2\/media\/136"}],"wp:attachment":[{"href":"https:\/\/www.inter-edu.pl\/index.php?rest_route=%2Fwp%2Fv2%2Fmedia&parent=643"}],"curies":[{"name":"wp","href":"https:\/\/api.w.org\/{rel}","templated":true}]}}