{"id":772,"date":"2021-08-19T18:45:16","date_gmt":"2021-08-19T16:45:16","guid":{"rendered":"https:\/\/www.inter-edu.pl\/?page_id=772"},"modified":"2021-09-22T14:31:07","modified_gmt":"2021-09-22T12:31:07","slug":"formularz-zgloszenia-na-kurs-przygotowaczy-osmoklasisty","status":"publish","type":"page","link":"https:\/\/www.inter-edu.pl\/?page_id=772","title":{"rendered":"Formularz zg\u0142oszenia na kurs przygotowaczy \u00f3smoklasisty"},"content":{"rendered":"\n<div class=\"wpcf7 no-js\" id=\"wpcf7-f749-o1\" lang=\"pl-PL\" dir=\"ltr\" data-wpcf7-id=\"749\">\n<div class=\"screen-reader-response\"><p role=\"status\" aria-live=\"polite\" aria-atomic=\"true\"><\/p> <ul><\/ul><\/div>\n<form action=\"\/index.php?rest_route=%2Fwp%2Fv2%2Fpages%2F772#wpcf7-f749-o1\" method=\"post\" class=\"wpcf7-form init wpcf7-acceptance-as-validation\" aria-label=\"Formularz kontaktowy\" novalidate=\"novalidate\" data-status=\"init\">\n<fieldset class=\"hidden-fields-container\"><input type=\"hidden\" name=\"_wpcf7\" value=\"749\" \/><input type=\"hidden\" name=\"_wpcf7_version\" value=\"6.1.5\" \/><input type=\"hidden\" name=\"_wpcf7_locale\" value=\"pl_PL\" \/><input type=\"hidden\" name=\"_wpcf7_unit_tag\" value=\"wpcf7-f749-o1\" \/><input type=\"hidden\" name=\"_wpcf7_container_post\" value=\"0\" \/><input type=\"hidden\" name=\"_wpcf7_posted_data_hash\" value=\"\" \/>\n<\/fieldset>\n<p>Formularz zapytania o kurs przygotowawczy do egzaminu \u00f3smoklasisty\n<\/p>\n<figure class=\"wp-block-image size-full\">\n\t<p><img decoding=\"async\" src=\"http:\/\/www.inter-edu.pl\/wp-content\/uploads\/2021\/07\/mini-logo.png\" alt=\"\" class=\"wp-image-330\" \/>\n\t<\/p>\n<\/figure>\n<p><label> Imi\u0119<br \/>\n<span class=\"wpcf7-form-control-wrap\" data-name=\"Imie\"><input size=\"40\" maxlength=\"400\" class=\"wpcf7-form-control wpcf7-text wpcf7-validates-as-required\" aria-required=\"true\" aria-invalid=\"false\" value=\"\" type=\"text\" name=\"Imie\" \/><\/span><br \/>\n Nazwisko<br \/>\n<span class=\"wpcf7-form-control-wrap\" data-name=\"Nazwisko\"><input size=\"40\" maxlength=\"400\" class=\"wpcf7-form-control wpcf7-text wpcf7-validates-as-required\" aria-required=\"true\" aria-invalid=\"false\" value=\"\" type=\"text\" name=\"Nazwisko\" \/><\/span><br \/>\n<\/label><br \/>\n<label> Telefon kontaktowy<br \/>\n<span class=\"wpcf7-form-control-wrap\" data-name=\"Telefon\"><input size=\"40\" maxlength=\"400\" class=\"wpcf7-form-control wpcf7-tel wpcf7-validates-as-required wpcf7-text wpcf7-validates-as-tel\" aria-required=\"true\" aria-invalid=\"false\" value=\"\" type=\"tel\" name=\"Telefon\" \/><\/span><br \/>\n<\/label><br \/>\n<label> e-Mail do korespondencji<br \/>\n<span class=\"wpcf7-form-control-wrap\" data-name=\"Email\"><input size=\"40\" maxlength=\"400\" class=\"wpcf7-form-control wpcf7-email wpcf7-validates-as-required wpcf7-text wpcf7-validates-as-email\" aria-required=\"true\" aria-invalid=\"false\" value=\"\" type=\"email\" name=\"Email\" \/><\/span><br \/>\n<\/label><br \/>\n<label> Przedmiot(y) do nauki:<br \/>\n<span class=\"wpcf7-form-control-wrap\" data-name=\"Przedmioty\"><span class=\"wpcf7-form-control wpcf7-checkbox wpcf7-validates-as-required\"><span class=\"wpcf7-list-item first\"><label><input type=\"checkbox\" name=\"Przedmioty[]\" value=\"Matematyka\" \/><span class=\"wpcf7-list-item-label\">Matematyka<\/span><\/label><\/span><span class=\"wpcf7-list-item\"><label><input type=\"checkbox\" name=\"Przedmioty[]\" value=\"J\u0119zyk angielski\" \/><span class=\"wpcf7-list-item-label\">J\u0119zyk angielski<\/span><\/label><\/span><span class=\"wpcf7-list-item last\"><label><input type=\"checkbox\" name=\"Przedmioty[]\" value=\"J\u0119zyk polski\" \/><span class=\"wpcf7-list-item-label\">J\u0119zyk polski<\/span><\/label><\/span><\/span><\/span><br \/>\n<\/label><br \/>\n<label> W jak licznej grupie chcesz uczestniczy\u0107:<br \/>\n<span class=\"wpcf7-form-control-wrap\" data-name=\"GrupaLiczebnosc\"><span class=\"wpcf7-form-control wpcf7-checkbox wpcf7-validates-as-required\"><span class=\"wpcf7-list-item first\"><label><input type=\"checkbox\" name=\"GrupaLiczebnosc[]\" value=\"Indywidualne\" \/><span class=\"wpcf7-list-item-label\">Indywidualne<\/span><\/label><\/span><span class=\"wpcf7-list-item\"><label><input type=\"checkbox\" name=\"GrupaLiczebnosc[]\" value=\"Grupa od 2 do  3 os\u00f3b\" \/><span class=\"wpcf7-list-item-label\">Grupa od 2 do  3 os\u00f3b<\/span><\/label><\/span><span class=\"wpcf7-list-item\"><label><input type=\"checkbox\" name=\"GrupaLiczebnosc[]\" value=\"Grupa do 4 do  5 os\u00f3b\" \/><span class=\"wpcf7-list-item-label\">Grupa do 4 do  5 os\u00f3b<\/span><\/label><\/span><span class=\"wpcf7-list-item last\"><label><input type=\"checkbox\" name=\"GrupaLiczebnosc[]\" value=\"Grupa od 6 do 10 os\u00f3b\" \/><span class=\"wpcf7-list-item-label\">Grupa od 6 do 10 os\u00f3b<\/span><\/label><\/span><\/span><\/span><br \/>\n<\/label><br \/>\n<label> Dopuszczalne sposoby nauczania:<br \/>\n<span class=\"wpcf7-form-control-wrap\" data-name=\"TrybNauczania\"><span class=\"wpcf7-form-control wpcf7-checkbox wpcf7-validates-as-required\"><span class=\"wpcf7-list-item first\"><label><input type=\"checkbox\" name=\"TrybNauczania[]\" value=\"Stacjonarny\" \/><span class=\"wpcf7-list-item-label\">Stacjonarny<\/span><\/label><\/span><span class=\"wpcf7-list-item last\"><label><input type=\"checkbox\" name=\"TrybNauczania[]\" value=\"Zdalny\" \/><span class=\"wpcf7-list-item-label\">Zdalny<\/span><\/label><\/span><\/span><\/span><br \/>\n<\/label><br \/>\n<label> Kompetencje trenera:<br \/>\n<span class=\"wpcf7-form-control-wrap\" data-name=\"TrenerKompetencje\"><span class=\"wpcf7-form-control wpcf7-checkbox wpcf7-validates-as-required\"><span class=\"wpcf7-list-item first\"><label><input type=\"checkbox\" name=\"TrenerKompetencje[]\" value=\"Student\" \/><span class=\"wpcf7-list-item-label\">Student<\/span><\/label><\/span><span class=\"wpcf7-list-item\"><label><input type=\"checkbox\" name=\"TrenerKompetencje[]\" value=\"Nauczyciel\" \/><span class=\"wpcf7-list-item-label\">Nauczyciel<\/span><\/label><\/span><span class=\"wpcf7-list-item\"><label><input type=\"checkbox\" name=\"TrenerKompetencje[]\" value=\"Wyk\u0142adowca\" \/><span class=\"wpcf7-list-item-label\">Wyk\u0142adowca<\/span><\/label><\/span><span class=\"wpcf7-list-item last\"><label><input type=\"checkbox\" name=\"TrenerKompetencje[]\" value=\"Egzaminator\" \/><span class=\"wpcf7-list-item-label\">Egzaminator<\/span><\/label><\/span><\/span><\/span><br \/>\n<\/label><br \/>\n<label> Podaj przewidywan\u0105 dat\u0119 rozpocz\u0119cia edukacji:<br \/>\n<span class=\"wpcf7-form-control-wrap\" data-name=\"DataRozpoczecia\"><input class=\"wpcf7-form-control wpcf7-date wpcf7-validates-as-required wpcf7-validates-as-date\" aria-required=\"true\" aria-invalid=\"false\" value=\"\" type=\"date\" name=\"DataRozpoczecia\" \/><\/span><br \/>\n<\/label><br \/>\n<label> Akceptowalny poziom koszt\u00f3w w z\u0142 za godzin\u0119 lekcyjn\u0105:<br \/>\n<span class=\"wpcf7-form-control-wrap\" data-name=\"GodzinaCena\"><input class=\"wpcf7-form-control wpcf7-number wpcf7-validates-as-required wpcf7-validates-as-number\" min=\"50\" max=\"200\" aria-required=\"true\" aria-invalid=\"false\" value=\"\" type=\"number\" name=\"GodzinaCena\" \/><\/span><br \/>\n<\/label><br \/>\n<label> Dodatkowe informacje (opcja)<br \/>\n<span class=\"wpcf7-form-control-wrap\" data-name=\"Komentarz\"><textarea cols=\"40\" rows=\"10\" maxlength=\"2000\" class=\"wpcf7-form-control wpcf7-textarea\" aria-invalid=\"false\" name=\"Komentarz\"><\/textarea><\/span><br \/>\n<\/label><br \/>\n<span class=\"wpcf7-form-control-wrap\" data-name=\"RODO\"><span class=\"wpcf7-form-control wpcf7-acceptance\"><span class=\"wpcf7-list-item\"><label><input type=\"checkbox\" name=\"RODO\" value=\"1\" aria-invalid=\"false\" \/><span class=\"wpcf7-list-item-label\">Wyra\u017cam zgod\u0119 na przetwarzanie danych <a target=\"_blank\"  href=\"http:\/\/www.inter-edu.pl\/?page_id=453\">Polityka prywatno\u015bci<\/a><\/span><\/label><\/span><\/span><\/span><br \/>\n<br \/>\n<input class=\"wpcf7-form-control wpcf7-submit has-spinner\" type=\"submit\" value=\"Wy\u015blij\" \/>\n<\/p><p style=\"display: none !important;\" class=\"akismet-fields-container\" data-prefix=\"_wpcf7_ak_\"><label>&#916;<textarea name=\"_wpcf7_ak_hp_textarea\" cols=\"45\" rows=\"8\" maxlength=\"100\"><\/textarea><\/label><input type=\"hidden\" id=\"ak_js_1\" name=\"_wpcf7_ak_js\" value=\"80\"\/><script type=\"text\/javascript\">\n\/* <![CDATA[ *\/\ndocument.getElementById( \"ak_js_1\" ).setAttribute( \"value\", ( new Date() ).getTime() );\n\/* ]]> *\/\n<\/script>\n<\/p><div class=\"wpcf7-response-output\" aria-hidden=\"true\"><\/div>\n<\/form>\n<\/div>\n\n","protected":false},"excerpt":{"rendered":"","protected":false},"author":1,"featured_media":232,"parent":972,"menu_order":0,"comment_status":"closed","ping_status":"closed","template":"","meta":{"_EventAllDay":false,"_EventTimezone":"","_EventStartDate":"","_EventEndDate":"","_EventStartDateUTC":"","_EventEndDateUTC":"","_EventShowMap":false,"_EventShowMapLink":false,"_EventURL":"","_EventCost":"","_EventCostDescription":"","_EventCurrencySymbol":"","_EventCurrencyCode":"","_EventCurrencyPosition":"","_EventDateTimeSeparator":"","_EventTimeRangeSeparator":"","_EventOrganizerID":[],"_EventVenueID":[],"_OrganizerEmail":"","_OrganizerPhone":"","_OrganizerWebsite":"","_VenueAddress":"","_VenueCity":"","_VenueCountry":"","_VenueProvince":"","_VenueState":"","_VenueZip":"","_VenuePhone":"","_VenueURL":"","_VenueStateProvince":"","_VenueLat":"","_VenueLng":"","_VenueShowMap":false,"_VenueShowMapLink":false,"footnotes":""},"class_list":["post-772","page","type-page","status-publish","has-post-thumbnail","hentry"],"yoast_head":"<!-- This site is optimized with the Yoast SEO plugin v27.4 - https:\/\/yoast.com\/product\/yoast-seo-wordpress\/ -->\n<title>Formularz zg\u0142oszenia na kurs przygotowaczy \u00f3smoklasisty - Interaktywne Centrum Edukacji i Us\u0142ug Inter-EDU<\/title>\n<meta name=\"robots\" content=\"index, follow, max-snippet:-1, max-image-preview:large, max-video-preview:-1\" \/>\n<link rel=\"canonical\" href=\"https:\/\/www.inter-edu.pl\/?page_id=772\" \/>\n<meta property=\"og:locale\" content=\"pl_PL\" \/>\n<meta property=\"og:type\" content=\"article\" \/>\n<meta property=\"og:title\" content=\"Formularz zg\u0142oszenia na kurs przygotowaczy \u00f3smoklasisty - Interaktywne Centrum Edukacji i Us\u0142ug Inter-EDU\" \/>\n<meta property=\"og:url\" content=\"https:\/\/www.inter-edu.pl\/?page_id=772\" \/>\n<meta property=\"og:site_name\" content=\"Interaktywne Centrum Edukacji i Us\u0142ug Inter-EDU\" \/>\n<meta property=\"article:publisher\" content=\"https:\/\/www.facebook.com\/Interaktywna.Edukacja\" \/>\n<meta property=\"article:modified_time\" content=\"2021-09-22T12:31:07+00:00\" \/>\n<meta property=\"og:image\" content=\"https:\/\/www.inter-edu.pl\/wp-content\/uploads\/2021\/07\/mini-logo.png\" \/>\n\t<meta property=\"og:image:width\" content=\"79\" \/>\n\t<meta property=\"og:image:height\" content=\"96\" \/>\n\t<meta property=\"og:image:type\" content=\"image\/png\" \/>\n<meta name=\"twitter:card\" content=\"summary_large_image\" \/>\n<script type=\"application\/ld+json\" class=\"yoast-schema-graph\">{\"@context\":\"https:\\\/\\\/schema.org\",\"@graph\":[{\"@type\":\"WebPage\",\"@id\":\"https:\\\/\\\/www.inter-edu.pl\\\/?page_id=772\",\"url\":\"https:\\\/\\\/www.inter-edu.pl\\\/?page_id=772\",\"name\":\"Formularz zg\u0142oszenia na kurs przygotowaczy \u00f3smoklasisty - Interaktywne Centrum Edukacji i Us\u0142ug Inter-EDU\",\"isPartOf\":{\"@id\":\"https:\\\/\\\/www.inter-edu.pl\\\/#website\"},\"primaryImageOfPage\":{\"@id\":\"https:\\\/\\\/www.inter-edu.pl\\\/?page_id=772#primaryimage\"},\"image\":{\"@id\":\"https:\\\/\\\/www.inter-edu.pl\\\/?page_id=772#primaryimage\"},\"thumbnailUrl\":\"https:\\\/\\\/www.inter-edu.pl\\\/wp-content\\\/uploads\\\/2021\\\/07\\\/mini-logo.png\",\"datePublished\":\"2021-08-19T16:45:16+00:00\",\"dateModified\":\"2021-09-22T12:31:07+00:00\",\"breadcrumb\":{\"@id\":\"https:\\\/\\\/www.inter-edu.pl\\\/?page_id=772#breadcrumb\"},\"inLanguage\":\"pl-PL\",\"potentialAction\":[{\"@type\":\"ReadAction\",\"target\":[\"https:\\\/\\\/www.inter-edu.pl\\\/?page_id=772\"]}]},{\"@type\":\"ImageObject\",\"inLanguage\":\"pl-PL\",\"@id\":\"https:\\\/\\\/www.inter-edu.pl\\\/?page_id=772#primaryimage\",\"url\":\"https:\\\/\\\/www.inter-edu.pl\\\/wp-content\\\/uploads\\\/2021\\\/07\\\/mini-logo.png\",\"contentUrl\":\"https:\\\/\\\/www.inter-edu.pl\\\/wp-content\\\/uploads\\\/2021\\\/07\\\/mini-logo.png\",\"width\":79,\"height\":96},{\"@type\":\"BreadcrumbList\",\"@id\":\"https:\\\/\\\/www.inter-edu.pl\\\/?page_id=772#breadcrumb\",\"itemListElement\":[{\"@type\":\"ListItem\",\"position\":1,\"name\":\"Strona g\u0142\u00f3wna\",\"item\":\"https:\\\/\\\/www.inter-edu.pl\\\/\"},{\"@type\":\"ListItem\",\"position\":2,\"name\":\"Edukacja\",\"item\":\"https:\\\/\\\/www.inter-edu.pl\\\/?page_id=41\"},{\"@type\":\"ListItem\",\"position\":3,\"name\":\"Kursy przygotowawcze do egzamin\u00f3w \u00f3smoklasist\u00f3w\",\"item\":\"https:\\\/\\\/www.inter-edu.pl\\\/?page_id=972\"},{\"@type\":\"ListItem\",\"position\":4,\"name\":\"Formularz zg\u0142oszenia na kurs przygotowaczy \u00f3smoklasisty\"}]},{\"@type\":\"WebSite\",\"@id\":\"https:\\\/\\\/www.inter-edu.pl\\\/#website\",\"url\":\"https:\\\/\\\/www.inter-edu.pl\\\/\",\"name\":\"Interaktywne Centrum Edukacji i Us\u0142ug Inter-EDU\",\"description\":\"\",\"publisher\":{\"@id\":\"https:\\\/\\\/www.inter-edu.pl\\\/#organization\"},\"potentialAction\":[{\"@type\":\"SearchAction\",\"target\":{\"@type\":\"EntryPoint\",\"urlTemplate\":\"https:\\\/\\\/www.inter-edu.pl\\\/?s={search_term_string}\"},\"query-input\":{\"@type\":\"PropertyValueSpecification\",\"valueRequired\":true,\"valueName\":\"search_term_string\"}}],\"inLanguage\":\"pl-PL\"},{\"@type\":\"Organization\",\"@id\":\"https:\\\/\\\/www.inter-edu.pl\\\/#organization\",\"name\":\"Interaktywne Centrum Edukacji i Us\u0142ug Inter-EDU\",\"url\":\"https:\\\/\\\/www.inter-edu.pl\\\/\",\"logo\":{\"@type\":\"ImageObject\",\"inLanguage\":\"pl-PL\",\"@id\":\"https:\\\/\\\/www.inter-edu.pl\\\/#\\\/schema\\\/logo\\\/image\\\/\",\"url\":\"https:\\\/\\\/www.inter-edu.pl\\\/wp-content\\\/uploads\\\/2021\\\/07\\\/cropped-mini-logo-1.png\",\"contentUrl\":\"https:\\\/\\\/www.inter-edu.pl\\\/wp-content\\\/uploads\\\/2021\\\/07\\\/cropped-mini-logo-1.png\",\"width\":68,\"height\":86,\"caption\":\"Interaktywne Centrum Edukacji i Us\u0142ug Inter-EDU\"},\"image\":{\"@id\":\"https:\\\/\\\/www.inter-edu.pl\\\/#\\\/schema\\\/logo\\\/image\\\/\"},\"sameAs\":[\"https:\\\/\\\/www.facebook.com\\\/Interaktywna.Edukacja\"]}]}<\/script>\n<!-- \/ Yoast SEO plugin. -->","yoast_head_json":{"title":"Formularz zg\u0142oszenia na kurs przygotowaczy \u00f3smoklasisty - Interaktywne Centrum Edukacji i Us\u0142ug Inter-EDU","robots":{"index":"index","follow":"follow","max-snippet":"max-snippet:-1","max-image-preview":"max-image-preview:large","max-video-preview":"max-video-preview:-1"},"canonical":"https:\/\/www.inter-edu.pl\/?page_id=772","og_locale":"pl_PL","og_type":"article","og_title":"Formularz zg\u0142oszenia na kurs przygotowaczy \u00f3smoklasisty - Interaktywne Centrum Edukacji i Us\u0142ug Inter-EDU","og_url":"https:\/\/www.inter-edu.pl\/?page_id=772","og_site_name":"Interaktywne Centrum Edukacji i Us\u0142ug Inter-EDU","article_publisher":"https:\/\/www.facebook.com\/Interaktywna.Edukacja","article_modified_time":"2021-09-22T12:31:07+00:00","og_image":[{"width":79,"height":96,"url":"https:\/\/www.inter-edu.pl\/wp-content\/uploads\/2021\/07\/mini-logo.png","type":"image\/png"}],"twitter_card":"summary_large_image","schema":{"@context":"https:\/\/schema.org","@graph":[{"@type":"WebPage","@id":"https:\/\/www.inter-edu.pl\/?page_id=772","url":"https:\/\/www.inter-edu.pl\/?page_id=772","name":"Formularz zg\u0142oszenia na kurs przygotowaczy \u00f3smoklasisty - Interaktywne Centrum Edukacji i Us\u0142ug Inter-EDU","isPartOf":{"@id":"https:\/\/www.inter-edu.pl\/#website"},"primaryImageOfPage":{"@id":"https:\/\/www.inter-edu.pl\/?page_id=772#primaryimage"},"image":{"@id":"https:\/\/www.inter-edu.pl\/?page_id=772#primaryimage"},"thumbnailUrl":"https:\/\/www.inter-edu.pl\/wp-content\/uploads\/2021\/07\/mini-logo.png","datePublished":"2021-08-19T16:45:16+00:00","dateModified":"2021-09-22T12:31:07+00:00","breadcrumb":{"@id":"https:\/\/www.inter-edu.pl\/?page_id=772#breadcrumb"},"inLanguage":"pl-PL","potentialAction":[{"@type":"ReadAction","target":["https:\/\/www.inter-edu.pl\/?page_id=772"]}]},{"@type":"ImageObject","inLanguage":"pl-PL","@id":"https:\/\/www.inter-edu.pl\/?page_id=772#primaryimage","url":"https:\/\/www.inter-edu.pl\/wp-content\/uploads\/2021\/07\/mini-logo.png","contentUrl":"https:\/\/www.inter-edu.pl\/wp-content\/uploads\/2021\/07\/mini-logo.png","width":79,"height":96},{"@type":"BreadcrumbList","@id":"https:\/\/www.inter-edu.pl\/?page_id=772#breadcrumb","itemListElement":[{"@type":"ListItem","position":1,"name":"Strona g\u0142\u00f3wna","item":"https:\/\/www.inter-edu.pl\/"},{"@type":"ListItem","position":2,"name":"Edukacja","item":"https:\/\/www.inter-edu.pl\/?page_id=41"},{"@type":"ListItem","position":3,"name":"Kursy przygotowawcze do egzamin\u00f3w \u00f3smoklasist\u00f3w","item":"https:\/\/www.inter-edu.pl\/?page_id=972"},{"@type":"ListItem","position":4,"name":"Formularz zg\u0142oszenia na kurs przygotowaczy \u00f3smoklasisty"}]},{"@type":"WebSite","@id":"https:\/\/www.inter-edu.pl\/#website","url":"https:\/\/www.inter-edu.pl\/","name":"Interaktywne Centrum Edukacji i Us\u0142ug Inter-EDU","description":"","publisher":{"@id":"https:\/\/www.inter-edu.pl\/#organization"},"potentialAction":[{"@type":"SearchAction","target":{"@type":"EntryPoint","urlTemplate":"https:\/\/www.inter-edu.pl\/?s={search_term_string}"},"query-input":{"@type":"PropertyValueSpecification","valueRequired":true,"valueName":"search_term_string"}}],"inLanguage":"pl-PL"},{"@type":"Organization","@id":"https:\/\/www.inter-edu.pl\/#organization","name":"Interaktywne Centrum Edukacji i Us\u0142ug Inter-EDU","url":"https:\/\/www.inter-edu.pl\/","logo":{"@type":"ImageObject","inLanguage":"pl-PL","@id":"https:\/\/www.inter-edu.pl\/#\/schema\/logo\/image\/","url":"https:\/\/www.inter-edu.pl\/wp-content\/uploads\/2021\/07\/cropped-mini-logo-1.png","contentUrl":"https:\/\/www.inter-edu.pl\/wp-content\/uploads\/2021\/07\/cropped-mini-logo-1.png","width":68,"height":86,"caption":"Interaktywne Centrum Edukacji i Us\u0142ug Inter-EDU"},"image":{"@id":"https:\/\/www.inter-edu.pl\/#\/schema\/logo\/image\/"},"sameAs":["https:\/\/www.facebook.com\/Interaktywna.Edukacja"]}]}},"_links":{"self":[{"href":"https:\/\/www.inter-edu.pl\/index.php?rest_route=\/wp\/v2\/pages\/772","targetHints":{"allow":["GET"]}}],"collection":[{"href":"https:\/\/www.inter-edu.pl\/index.php?rest_route=\/wp\/v2\/pages"}],"about":[{"href":"https:\/\/www.inter-edu.pl\/index.php?rest_route=\/wp\/v2\/types\/page"}],"author":[{"embeddable":true,"href":"https:\/\/www.inter-edu.pl\/index.php?rest_route=\/wp\/v2\/users\/1"}],"replies":[{"embeddable":true,"href":"https:\/\/www.inter-edu.pl\/index.php?rest_route=%2Fwp%2Fv2%2Fcomments&post=772"}],"version-history":[{"count":1,"href":"https:\/\/www.inter-edu.pl\/index.php?rest_route=\/wp\/v2\/pages\/772\/revisions"}],"predecessor-version":[{"id":774,"href":"https:\/\/www.inter-edu.pl\/index.php?rest_route=\/wp\/v2\/pages\/772\/revisions\/774"}],"up":[{"embeddable":true,"href":"https:\/\/www.inter-edu.pl\/index.php?rest_route=\/wp\/v2\/pages\/972"}],"wp:featuredmedia":[{"embeddable":true,"href":"https:\/\/www.inter-edu.pl\/index.php?rest_route=\/wp\/v2\/media\/232"}],"wp:attachment":[{"href":"https:\/\/www.inter-edu.pl\/index.php?rest_route=%2Fwp%2Fv2%2Fmedia&parent=772"}],"curies":[{"name":"wp","href":"https:\/\/api.w.org\/{rel}","templated":true}]}}