{"id":868,"date":"2021-08-23T13:07:12","date_gmt":"2021-08-23T11:07:12","guid":{"rendered":"https:\/\/www.inter-edu.pl\/?page_id=868"},"modified":"2021-08-23T13:07:12","modified_gmt":"2021-08-23T11:07:12","slug":"user-videos","status":"publish","type":"page","link":"https:\/\/www.inter-edu.pl\/?page_id=868","title":{"rendered":"User Videos"},"content":{"rendered":"\r\n<div id=\"aiovg-69f9a98794db51\" class=\"aiovg aiovg-videos aiovg-videos-template-classic\">\r\n            <div class=\"aiovg-count\">\r\n            2 videos found        <\/div>\r\n        \r\n    <!-- Videos -->\r\n    <div class=\"aiovg-section-videos aiovg-grid aiovg-row\">   \r\n                    \r\n            <div class=\"aiovg-item-video aiovg-item-video-1323 aiovg-col aiovg-col-3 aiovg-col-xs-2\" data-id=\"1323\">\r\n                \n<div class=\"aiovg-thumbnail aiovg-thumbnail-style-image-top\">\n    <a href=\"https:\/\/www.inter-edu.pl\/?aiovg_videos=podsumowanie-zajec-edukacyjnych-osmoklasistow-rocznik-2022\" class=\"aiovg-responsive-container\" style=\"padding-bottom: 56.25%;\"><img decoding=\"async\" src=\"https:\/\/www.inter-edu.pl\/wp-content\/uploads\/2022\/07\/2022-Podsumowanie-8-klas-08-300x225.jpg\" alt=\"Podsumowanie zaj\u0119\u0107 edukacyjnych \u00f3smoklasist\u00f3w rocznik 2022\" class=\"aiovg-responsive-element\"\/><svg xmlns=\"http:\/\/www.w3.org\/2000\/svg\" fill=\"white\" width=\"40\" height=\"40\" viewBox=\"0 0 24 24\" class=\"aiovg-svg-icon-play aiovg-flex-shrink-0\">\n            <path fill-rule=\"evenodd\" d=\"M2.25 12c0-5.385 4.365-9.75 9.75-9.75s9.75 4.365 9.75 9.75-4.365 9.75-9.75 9.75S2.25 17.385 2.25 12Zm14.024-.983a1.125 1.125 0 0 1 0 1.966l-5.603 3.113A1.125 1.125 0 0 1 9 15.113V8.887c0-.857.921-1.4 1.671-.983l5.603 3.113Z\" clip-rule=\"evenodd\" \/>\n        <\/svg><\/a> \n    <div class=\"aiovg-caption\">\n                    <div class=\"aiovg-title\">\n                <a href=\"https:\/\/www.inter-edu.pl\/?aiovg_videos=podsumowanie-zajec-edukacyjnych-osmoklasistow-rocznik-2022\" class=\"aiovg-link-title\">Podsumowanie zaj\u0119\u0107 edukacyjnych \u00f3smoklasist\u00f3w rocznik 2022<\/a>            <\/div>\n        \n        \n        <div class=\"aiovg-meta aiovg-flex aiovg-flex-wrap aiovg-gap-1 aiovg-items-center aiovg-text-small\"><div class=\"aiovg-views aiovg-flex aiovg-gap-1 aiovg-items-center\"><svg xmlns=\"http:\/\/www.w3.org\/2000\/svg\" fill=\"none\" width=\"16\" height=\"16\" viewBox=\"0 0 24 24\" stroke-width=\"1.5\" stroke=\"currentColor\" class=\"aiovg-flex-shrink-0\">\n                <path stroke-linecap=\"round\" stroke-linejoin=\"round\" d=\"M2.036 12.322a1.012 1.012 0 0 1 0-.639C3.423 7.51 7.36 4.5 12 4.5c4.638 0 8.573 3.007 9.963 7.178.07.207.07.431 0 .639C20.577 16.49 16.64 19.5 12 19.5c-4.638 0-8.573-3.007-9.963-7.178Z\" \/>\n                <path stroke-linecap=\"round\" stroke-linejoin=\"round\" d=\"M15 12a3 3 0 1 1-6 0 3 3 0 0 1 6 0Z\" \/>\n            <\/svg><span class=\"aiovg-views-count\">36<\/span><span class=\"aiovg-views-label\">views<\/span><\/div><\/div>       \n        \n        <div class=\"aiovg-category aiovg-flex aiovg-flex-wrap aiovg-gap-1 aiovg-items-center aiovg-text-small\"><svg xmlns=\"http:\/\/www.w3.org\/2000\/svg\" fill=\"none\" width=\"16\" height=\"16\" viewBox=\"0 0 24 24\" stroke-width=\"1.5\" stroke=\"currentColor\" class=\"aiovg-flex-shrink-0\">\n                    <path stroke-linecap=\"round\" stroke-linejoin=\"round\" d=\"M3.75 9.776c.112-.017.227-.026.344-.026h15.812c.117 0 .232.009.344.026m-16.5 0a2.25 2.25 0 0 0-1.883 2.542l.857 6a2.25 2.25 0 0 0 2.227 1.932H19.05a2.25 2.25 0 0 0 2.227-1.932l.857-6a2.25 2.25 0 0 0-1.883-2.542m-16.5 0V6A2.25 2.25 0 0 1 6 3.75h3.879a1.5 1.5 0 0 1 1.06.44l2.122 2.12a1.5 1.5 0 0 0 1.06.44H18A2.25 2.25 0 0 1 20.25 9v.776\" \/>\n                <\/svg><div class=\"aiovg-item-category\"><a href=\"https:\/\/www.inter-edu.pl\/?page_id=862&#038;aiovg_category=wydarzenia\" class=\"aiovg-link-category\">Wydarzenia<\/a><\/div><\/div>\n               \n\n         \n        \n            <\/div>    \n<\/div>            \r\n            <\/div>                \r\n                        \r\n            <div class=\"aiovg-item-video aiovg-item-video-872 aiovg-col aiovg-col-3 aiovg-col-xs-2\" data-id=\"872\">\r\n                \n<div class=\"aiovg-thumbnail aiovg-thumbnail-style-image-top\">\n    <a href=\"https:\/\/www.inter-edu.pl\/?aiovg_videos=nierownosci-kwadratowe\" class=\"aiovg-responsive-container\" style=\"padding-bottom: 56.25%;\"><img decoding=\"async\" src=\"https:\/\/www.inter-edu.pl\/wp-content\/uploads\/2022\/07\/Niezbednik-nierownosc-kwadratowa-300x147.jpg\" alt=\"Nier\u00f3wno\u015bci kwadratowe\" class=\"aiovg-responsive-element\"\/><div class=\"aiovg-duration\">00:20<\/div><svg xmlns=\"http:\/\/www.w3.org\/2000\/svg\" fill=\"white\" width=\"40\" height=\"40\" viewBox=\"0 0 24 24\" class=\"aiovg-svg-icon-play aiovg-flex-shrink-0\">\n            <path fill-rule=\"evenodd\" d=\"M2.25 12c0-5.385 4.365-9.75 9.75-9.75s9.75 4.365 9.75 9.75-4.365 9.75-9.75 9.75S2.25 17.385 2.25 12Zm14.024-.983a1.125 1.125 0 0 1 0 1.966l-5.603 3.113A1.125 1.125 0 0 1 9 15.113V8.887c0-.857.921-1.4 1.671-.983l5.603 3.113Z\" clip-rule=\"evenodd\" \/>\n        <\/svg><\/a> \n    <div class=\"aiovg-caption\">\n                    <div class=\"aiovg-title\">\n                <a href=\"https:\/\/www.inter-edu.pl\/?aiovg_videos=nierownosci-kwadratowe\" class=\"aiovg-link-title\">Nier\u00f3wno\u015bci kwadratowe<\/a>            <\/div>\n        \n        \n        <div class=\"aiovg-meta aiovg-flex aiovg-flex-wrap aiovg-gap-1 aiovg-items-center aiovg-text-small\"><div class=\"aiovg-views aiovg-flex aiovg-gap-1 aiovg-items-center\"><svg xmlns=\"http:\/\/www.w3.org\/2000\/svg\" fill=\"none\" width=\"16\" height=\"16\" viewBox=\"0 0 24 24\" stroke-width=\"1.5\" stroke=\"currentColor\" class=\"aiovg-flex-shrink-0\">\n                <path stroke-linecap=\"round\" stroke-linejoin=\"round\" d=\"M2.036 12.322a1.012 1.012 0 0 1 0-.639C3.423 7.51 7.36 4.5 12 4.5c4.638 0 8.573 3.007 9.963 7.178.07.207.07.431 0 .639C20.577 16.49 16.64 19.5 12 19.5c-4.638 0-8.573-3.007-9.963-7.178Z\" \/>\n                <path stroke-linecap=\"round\" stroke-linejoin=\"round\" d=\"M15 12a3 3 0 1 1-6 0 3 3 0 0 1 6 0Z\" \/>\n            <\/svg><span class=\"aiovg-views-count\">11<\/span><span class=\"aiovg-views-label\">views<\/span><\/div><\/div>       \n        \n        <div class=\"aiovg-category aiovg-flex aiovg-flex-wrap aiovg-gap-1 aiovg-items-center aiovg-text-small\"><svg xmlns=\"http:\/\/www.w3.org\/2000\/svg\" fill=\"none\" width=\"16\" height=\"16\" viewBox=\"0 0 24 24\" stroke-width=\"1.5\" stroke=\"currentColor\" class=\"aiovg-flex-shrink-0\">\n                    <path stroke-linecap=\"round\" stroke-linejoin=\"round\" d=\"M3.75 9.776c.112-.017.227-.026.344-.026h15.812c.117 0 .232.009.344.026m-16.5 0a2.25 2.25 0 0 0-1.883 2.542l.857 6a2.25 2.25 0 0 0 2.227 1.932H19.05a2.25 2.25 0 0 0 2.227-1.932l.857-6a2.25 2.25 0 0 0-1.883-2.542m-16.5 0V6A2.25 2.25 0 0 1 6 3.75h3.879a1.5 1.5 0 0 1 1.06.44l2.122 2.12a1.5 1.5 0 0 0 1.06.44H18A2.25 2.25 0 0 1 20.25 9v.776\" \/>\n                <\/svg><div class=\"aiovg-item-category\"><a href=\"https:\/\/www.inter-edu.pl\/?page_id=862&#038;aiovg_category=niezbednik-matematyka\" class=\"aiovg-link-category\">Matematyka - Niezb\u0119dnik maturzysty<\/a><span class=\"aiovg-separator\">,<\/span><\/div><div class=\"aiovg-item-category\"><a href=\"https:\/\/www.inter-edu.pl\/?page_id=862&#038;aiovg_category=niezbednik\" class=\"aiovg-link-category\">Niezb\u0119dnik maturzysty<\/a><\/div><\/div>\n               \n\n         \n        \n            <\/div>    \n<\/div>            \r\n            <\/div>                \r\n                <\/div>\r\n    \r\n    <\/div>\n","protected":false},"excerpt":{"rendered":"","protected":false},"author":1,"featured_media":0,"parent":0,"menu_order":0,"comment_status":"closed","ping_status":"closed","template":"","meta":{"_EventAllDay":false,"_EventTimezone":"","_EventStartDate":"","_EventEndDate":"","_EventStartDateUTC":"","_EventEndDateUTC":"","_EventShowMap":false,"_EventShowMapLink":false,"_EventURL":"","_EventCost":"","_EventCostDescription":"","_EventCurrencySymbol":"","_EventCurrencyCode":"","_EventCurrencyPosition":"","_EventDateTimeSeparator":"","_EventTimeRangeSeparator":"","_EventOrganizerID":[],"_EventVenueID":[],"_OrganizerEmail":"","_OrganizerPhone":"","_OrganizerWebsite":"","_VenueAddress":"","_VenueCity":"","_VenueCountry":"","_VenueProvince":"","_VenueState":"","_VenueZip":"","_VenuePhone":"","_VenueURL":"","_VenueStateProvince":"","_VenueLat":"","_VenueLng":"","_VenueShowMap":false,"_VenueShowMapLink":false,"footnotes":""},"class_list":["post-868","page","type-page","status-publish","hentry"],"yoast_head":"<!-- This site is optimized with the Yoast SEO plugin v27.4 - https:\/\/yoast.com\/product\/yoast-seo-wordpress\/ -->\n<title>User Videos - Interaktywne Centrum Edukacji i Us\u0142ug Inter-EDU<\/title>\n<meta name=\"robots\" content=\"index, follow, max-snippet:-1, max-image-preview:large, max-video-preview:-1\" \/>\n<link rel=\"canonical\" href=\"https:\/\/www.inter-edu.pl\/?page_id=868\" \/>\n<meta property=\"og:locale\" content=\"pl_PL\" \/>\n<meta property=\"og:type\" content=\"article\" \/>\n<meta property=\"og:title\" content=\"User Videos - Interaktywne Centrum Edukacji i Us\u0142ug Inter-EDU\" \/>\n<meta property=\"og:url\" content=\"https:\/\/www.inter-edu.pl\/?page_id=868\" \/>\n<meta property=\"og:site_name\" content=\"Interaktywne Centrum Edukacji i Us\u0142ug Inter-EDU\" \/>\n<meta property=\"article:publisher\" content=\"https:\/\/www.facebook.com\/Interaktywna.Edukacja\" \/>\n<meta name=\"twitter:card\" content=\"summary_large_image\" \/>\n<script type=\"application\/ld+json\" class=\"yoast-schema-graph\">{\"@context\":\"https:\\\/\\\/schema.org\",\"@graph\":[{\"@type\":\"WebPage\",\"@id\":\"https:\\\/\\\/www.inter-edu.pl\\\/?page_id=868\",\"url\":\"https:\\\/\\\/www.inter-edu.pl\\\/?page_id=868\",\"name\":\"User Videos - Interaktywne Centrum Edukacji i Us\u0142ug Inter-EDU\",\"isPartOf\":{\"@id\":\"https:\\\/\\\/www.inter-edu.pl\\\/#website\"},\"datePublished\":\"2021-08-23T11:07:12+00:00\",\"breadcrumb\":{\"@id\":\"https:\\\/\\\/www.inter-edu.pl\\\/?page_id=868#breadcrumb\"},\"inLanguage\":\"pl-PL\",\"potentialAction\":[{\"@type\":\"ReadAction\",\"target\":[\"https:\\\/\\\/www.inter-edu.pl\\\/?page_id=868\"]}]},{\"@type\":\"BreadcrumbList\",\"@id\":\"https:\\\/\\\/www.inter-edu.pl\\\/?page_id=868#breadcrumb\",\"itemListElement\":[{\"@type\":\"ListItem\",\"position\":1,\"name\":\"Strona g\u0142\u00f3wna\",\"item\":\"https:\\\/\\\/www.inter-edu.pl\\\/\"},{\"@type\":\"ListItem\",\"position\":2,\"name\":\"User Videos\"}]},{\"@type\":\"WebSite\",\"@id\":\"https:\\\/\\\/www.inter-edu.pl\\\/#website\",\"url\":\"https:\\\/\\\/www.inter-edu.pl\\\/\",\"name\":\"Interaktywne Centrum Edukacji i Us\u0142ug Inter-EDU\",\"description\":\"\",\"publisher\":{\"@id\":\"https:\\\/\\\/www.inter-edu.pl\\\/#organization\"},\"potentialAction\":[{\"@type\":\"SearchAction\",\"target\":{\"@type\":\"EntryPoint\",\"urlTemplate\":\"https:\\\/\\\/www.inter-edu.pl\\\/?s={search_term_string}\"},\"query-input\":{\"@type\":\"PropertyValueSpecification\",\"valueRequired\":true,\"valueName\":\"search_term_string\"}}],\"inLanguage\":\"pl-PL\"},{\"@type\":\"Organization\",\"@id\":\"https:\\\/\\\/www.inter-edu.pl\\\/#organization\",\"name\":\"Interaktywne Centrum Edukacji i Us\u0142ug Inter-EDU\",\"url\":\"https:\\\/\\\/www.inter-edu.pl\\\/\",\"logo\":{\"@type\":\"ImageObject\",\"inLanguage\":\"pl-PL\",\"@id\":\"https:\\\/\\\/www.inter-edu.pl\\\/#\\\/schema\\\/logo\\\/image\\\/\",\"url\":\"https:\\\/\\\/www.inter-edu.pl\\\/wp-content\\\/uploads\\\/2021\\\/07\\\/cropped-mini-logo-1.png\",\"contentUrl\":\"https:\\\/\\\/www.inter-edu.pl\\\/wp-content\\\/uploads\\\/2021\\\/07\\\/cropped-mini-logo-1.png\",\"width\":68,\"height\":86,\"caption\":\"Interaktywne Centrum Edukacji i Us\u0142ug Inter-EDU\"},\"image\":{\"@id\":\"https:\\\/\\\/www.inter-edu.pl\\\/#\\\/schema\\\/logo\\\/image\\\/\"},\"sameAs\":[\"https:\\\/\\\/www.facebook.com\\\/Interaktywna.Edukacja\"]}]}<\/script>\n<!-- \/ Yoast SEO plugin. -->","yoast_head_json":{"title":"User Videos - Interaktywne Centrum Edukacji i Us\u0142ug Inter-EDU","robots":{"index":"index","follow":"follow","max-snippet":"max-snippet:-1","max-image-preview":"max-image-preview:large","max-video-preview":"max-video-preview:-1"},"canonical":"https:\/\/www.inter-edu.pl\/?page_id=868","og_locale":"pl_PL","og_type":"article","og_title":"User Videos - Interaktywne Centrum Edukacji i Us\u0142ug Inter-EDU","og_url":"https:\/\/www.inter-edu.pl\/?page_id=868","og_site_name":"Interaktywne Centrum Edukacji i Us\u0142ug Inter-EDU","article_publisher":"https:\/\/www.facebook.com\/Interaktywna.Edukacja","twitter_card":"summary_large_image","schema":{"@context":"https:\/\/schema.org","@graph":[{"@type":"WebPage","@id":"https:\/\/www.inter-edu.pl\/?page_id=868","url":"https:\/\/www.inter-edu.pl\/?page_id=868","name":"User Videos - Interaktywne Centrum Edukacji i Us\u0142ug Inter-EDU","isPartOf":{"@id":"https:\/\/www.inter-edu.pl\/#website"},"datePublished":"2021-08-23T11:07:12+00:00","breadcrumb":{"@id":"https:\/\/www.inter-edu.pl\/?page_id=868#breadcrumb"},"inLanguage":"pl-PL","potentialAction":[{"@type":"ReadAction","target":["https:\/\/www.inter-edu.pl\/?page_id=868"]}]},{"@type":"BreadcrumbList","@id":"https:\/\/www.inter-edu.pl\/?page_id=868#breadcrumb","itemListElement":[{"@type":"ListItem","position":1,"name":"Strona g\u0142\u00f3wna","item":"https:\/\/www.inter-edu.pl\/"},{"@type":"ListItem","position":2,"name":"User Videos"}]},{"@type":"WebSite","@id":"https:\/\/www.inter-edu.pl\/#website","url":"https:\/\/www.inter-edu.pl\/","name":"Interaktywne Centrum Edukacji i Us\u0142ug Inter-EDU","description":"","publisher":{"@id":"https:\/\/www.inter-edu.pl\/#organization"},"potentialAction":[{"@type":"SearchAction","target":{"@type":"EntryPoint","urlTemplate":"https:\/\/www.inter-edu.pl\/?s={search_term_string}"},"query-input":{"@type":"PropertyValueSpecification","valueRequired":true,"valueName":"search_term_string"}}],"inLanguage":"pl-PL"},{"@type":"Organization","@id":"https:\/\/www.inter-edu.pl\/#organization","name":"Interaktywne Centrum Edukacji i Us\u0142ug Inter-EDU","url":"https:\/\/www.inter-edu.pl\/","logo":{"@type":"ImageObject","inLanguage":"pl-PL","@id":"https:\/\/www.inter-edu.pl\/#\/schema\/logo\/image\/","url":"https:\/\/www.inter-edu.pl\/wp-content\/uploads\/2021\/07\/cropped-mini-logo-1.png","contentUrl":"https:\/\/www.inter-edu.pl\/wp-content\/uploads\/2021\/07\/cropped-mini-logo-1.png","width":68,"height":86,"caption":"Interaktywne Centrum Edukacji i Us\u0142ug Inter-EDU"},"image":{"@id":"https:\/\/www.inter-edu.pl\/#\/schema\/logo\/image\/"},"sameAs":["https:\/\/www.facebook.com\/Interaktywna.Edukacja"]}]}},"_links":{"self":[{"href":"https:\/\/www.inter-edu.pl\/index.php?rest_route=\/wp\/v2\/pages\/868","targetHints":{"allow":["GET"]}}],"collection":[{"href":"https:\/\/www.inter-edu.pl\/index.php?rest_route=\/wp\/v2\/pages"}],"about":[{"href":"https:\/\/www.inter-edu.pl\/index.php?rest_route=\/wp\/v2\/types\/page"}],"author":[{"embeddable":true,"href":"https:\/\/www.inter-edu.pl\/index.php?rest_route=\/wp\/v2\/users\/1"}],"replies":[{"embeddable":true,"href":"https:\/\/www.inter-edu.pl\/index.php?rest_route=%2Fwp%2Fv2%2Fcomments&post=868"}],"version-history":[{"count":0,"href":"https:\/\/www.inter-edu.pl\/index.php?rest_route=\/wp\/v2\/pages\/868\/revisions"}],"wp:attachment":[{"href":"https:\/\/www.inter-edu.pl\/index.php?rest_route=%2Fwp%2Fv2%2Fmedia&parent=868"}],"curies":[{"name":"wp","href":"https:\/\/api.w.org\/{rel}","templated":true}]}}